{"id":1296,"date":"2020-09-18T09:59:58","date_gmt":"2020-09-18T07:59:58","guid":{"rendered":"http:\/\/eurolab-srl.com\/wp\/?page_id=1296"},"modified":"2020-09-18T10:01:54","modified_gmt":"2020-09-18T08:01:54","slug":"el-tp-240","status":"publish","type":"page","link":"https:\/\/eurolab-srl.com\/?page_id=1296","title":{"rendered":"EL TP 240"},"content":{"rendered":"\t\t<div data-elementor-type=\"wp-page\" data-elementor-id=\"1296\" class=\"elementor elementor-1296\">\n\t\t\t\t\t\t<div class=\"elementor-inner\">\n\t\t\t\t<div class=\"elementor-section-wrap\">\n\t\t\t\t\t\t\t\t\t<section class=\"elementor-section elementor-top-section elementor-element elementor-element-ed2b771 elementor-section-boxed elementor-section-height-default elementor-section-height-default\" data-id=\"ed2b771\" data-element_type=\"section\">\n\t\t\t\t\t\t<div class=\"elementor-container elementor-column-gap-default\">\n\t\t\t\t\t\t\t<div class=\"elementor-row\">\n\t\t\t\t\t<div class=\"elementor-column elementor-col-100 elementor-top-column elementor-element elementor-element-645da81\" data-id=\"645da81\" data-element_type=\"column\">\n\t\t\t<div class=\"elementor-column-wrap elementor-element-populated\">\n\t\t\t\t\t\t\t<div class=\"elementor-widget-wrap\">\n\t\t\t\t\t\t<div class=\"elementor-element elementor-element-c353345 elementor-widget elementor-widget-image\" data-id=\"c353345\" data-element_type=\"widget\" data-widget_type=\"image.default\">\n\t\t\t\t<div class=\"elementor-widget-container\">\n\t\t\t\t\t\t\t\t<div class=\"elementor-image\">\n\t\t\t\t\t\t\t\t\t\t\t\t<img loading=\"lazy\" decoding=\"async\" width=\"699\" height=\"327\" src=\"https:\/\/eurolab-srl.com\/wp-content\/uploads\/2020\/09\/eltp240_x2915bhn.jpg\" class=\"attachment-large size-large wp-image-1299\" alt=\"\" srcset=\"https:\/\/eurolab-srl.com\/wp-content\/uploads\/2020\/09\/eltp240_x2915bhn.jpg 699w, https:\/\/eurolab-srl.com\/wp-content\/uploads\/2020\/09\/eltp240_x2915bhn-300x140.jpg 300w\" sizes=\"auto, (max-width: 699px) 100vw, 699px\" \/>\t\t\t\t\t\t\t\t\t\t\t\t\t\t<\/div>\n\t\t\t\t\t\t<\/div>\n\t\t\t\t<\/div>\n\t\t\t\t\t\t<\/div>\n\t\t\t\t\t<\/div>\n\t\t<\/div>\n\t\t\t\t\t\t\t\t<\/div>\n\t\t\t\t\t<\/div>\n\t\t<\/section>\n\t\t\t\t<section class=\"elementor-section elementor-top-section elementor-element elementor-element-d01d400 elementor-section-boxed elementor-section-height-default elementor-section-height-default\" data-id=\"d01d400\" data-element_type=\"section\">\n\t\t\t\t\t\t<div class=\"elementor-container elementor-column-gap-default\">\n\t\t\t\t\t\t\t<div class=\"elementor-row\">\n\t\t\t\t\t<div class=\"elementor-column elementor-col-100 elementor-top-column elementor-element elementor-element-500cbe1\" data-id=\"500cbe1\" data-element_type=\"column\">\n\t\t\t<div class=\"elementor-column-wrap elementor-element-populated\">\n\t\t\t\t\t\t\t<div class=\"elementor-widget-wrap\">\n\t\t\t\t\t\t<div class=\"elementor-element elementor-element-9a7e297 elementor-widget elementor-widget-text-editor\" data-id=\"9a7e297\" data-element_type=\"widget\" data-widget_type=\"text-editor.default\">\n\t\t\t\t<div class=\"elementor-widget-container\">\n\t\t\t\t\t\t\t\t<div class=\"elementor-text-editor elementor-clearfix\">\n\t\t\t\t<div id=\"imCellStyle_2\"><div id=\"imTextObject_2\"><div id=\"imTextObject_2_tab0\" class=\"text-tab-content\"><div class=\"text-inner\"><div id=\"imCellStyle_2\"><div id=\"imTextObject_2\"><div id=\"imTextObject_2_tab0\" class=\"text-tab-content\"><div class=\"text-inner\"><div><div><div id=\"imCellStyle_2\"><div id=\"imTextObject_2\"><div id=\"imTextObject_2_tab0\" class=\"text-tab-content\"><div class=\"text-inner\"><div><div id=\"imCellStyle_2\"><div id=\"imTextObject_2\"><div id=\"imTextObject_2_tab0\" class=\"text-tab-content\"><div class=\"text-inner\"><div><div><div><div><div><span class=\"fs10\"><span class=\"cf1\">Il trasmettitore della serie EL TP 240 \u00e8 un apparato in grado di trasmettere un segnale video composito (pal o secam) pi\u00f9 due segnali audio a distanza. La distanza che pu\u00f2 coprire il segnale dell\u2019apparato dipende dal sistema di antenna utilizzato. Un sistema di antenna omnidirezionale pu\u00f2 coprire un\u2019area con un raggio dell\u2019ordine delle centinaia di metri, mentre un sistema di antenna direttivo pu\u00f2 coprire distanze dell\u2019ordine di alcune migliaia di metri. Le dimensioni ed il peso sono estremamente contenuti dato l\u2019impiego delle pi\u00f9 moderne\u00a0<\/span><span class=\"cf1\">tecniche di costruzione mediante tecnologia S.M.D. che ne fanno un apparato dai molteplici impieghi. Considerato l\u2019assorbimento molto contenuto l\u2019alimentazione di questo apparato pu\u00f2 essere effettuata, oltre che da un alimentatore, anche da una batteria o da dei pannelli convertitori di energia solare, conferendo cos\u00ec all\u2019apparato un\u2019estrema flessibilit\u00e0 del sistema di trasmissione. Il contenitore di alluminio a tenuta stagna gli conferisce un elevato grado di protezione agli agenti atmosferici ed inoltre una elevata schermatura\u00a0<\/span><span class=\"cf1\">necessaria per poter permettere anche a pi\u00f9 trasmettitori di operare nella stessa area su diverse frequenze senza interferire fra loro. La frequenza di uscita \u00e8 a sintesi digitale, operante nella banda dei 2.4 GHz. L\u2019impostazione della frequenza voluta avviene in modo diretto tramite un display per mezzo di due pulsanti. Un circuito rivelatore di presenza segnale video fa si che un\u2019eventuale mancanza di quest\u2019ultimo attivi un rel\u00e8 che mette a disposizione un contatto di scambio, visualizzando inoltre l\u2019allarme sul display.<\/span><\/span><\/div><\/div><\/div><\/div><\/div><\/div><\/div><\/div><\/div><\/div><\/div><\/div><\/div><\/div><\/div><\/div><\/div><\/div><\/div><\/div><\/div><\/div><\/div><\/div>\t\t\t\t\t<\/div>\n\t\t\t\t\t\t<\/div>\n\t\t\t\t<\/div>\n\t\t\t\t\t\t<\/div>\n\t\t\t\t\t<\/div>\n\t\t<\/div>\n\t\t\t\t\t\t\t\t<\/div>\n\t\t\t\t\t<\/div>\n\t\t<\/section>\n\t\t\t\t<section class=\"elementor-section elementor-top-section elementor-element elementor-element-7dc4fef elementor-section-boxed elementor-section-height-default elementor-section-height-default\" data-id=\"7dc4fef\" data-element_type=\"section\">\n\t\t\t\t\t\t<div class=\"elementor-container elementor-column-gap-default\">\n\t\t\t\t\t\t\t<div class=\"elementor-row\">\n\t\t\t\t\t<div class=\"elementor-column elementor-col-100 elementor-top-column elementor-element elementor-element-672c0a9\" data-id=\"672c0a9\" data-element_type=\"column\">\n\t\t\t<div class=\"elementor-column-wrap elementor-element-populated\">\n\t\t\t\t\t\t\t<div class=\"elementor-widget-wrap\">\n\t\t\t\t\t\t<div class=\"elementor-element elementor-element-6dd1a2c elementor-widget elementor-widget-image\" data-id=\"6dd1a2c\" data-element_type=\"widget\" data-widget_type=\"image.default\">\n\t\t\t\t<div class=\"elementor-widget-container\">\n\t\t\t\t\t\t\t\t<div class=\"elementor-image\">\n\t\t\t\t\t\t\t\t\t\t\t\t<img loading=\"lazy\" decoding=\"async\" width=\"535\" height=\"450\" src=\"https:\/\/eurolab-srl.com\/wp-content\/uploads\/2020\/09\/eltp240_details.jpg\" class=\"attachment-large size-large wp-image-1301\" alt=\"\" srcset=\"https:\/\/eurolab-srl.com\/wp-content\/uploads\/2020\/09\/eltp240_details.jpg 535w, https:\/\/eurolab-srl.com\/wp-content\/uploads\/2020\/09\/eltp240_details-300x252.jpg 300w\" sizes=\"auto, (max-width: 535px) 100vw, 535px\" \/>\t\t\t\t\t\t\t\t\t\t\t\t\t\t<\/div>\n\t\t\t\t\t\t<\/div>\n\t\t\t\t<\/div>\n\t\t\t\t\t\t<\/div>\n\t\t\t\t\t<\/div>\n\t\t<\/div>\n\t\t\t\t\t\t\t\t<\/div>\n\t\t\t\t\t<\/div>\n\t\t<\/section>\n\t\t\t\t<section class=\"elementor-section elementor-top-section elementor-element elementor-element-9a54175 elementor-section-boxed elementor-section-height-default elementor-section-height-default\" data-id=\"9a54175\" data-element_type=\"section\" data-settings=\"{&quot;background_background&quot;:&quot;classic&quot;}\">\n\t\t\t\t\t\t<div class=\"elementor-container elementor-column-gap-default\">\n\t\t\t\t\t\t\t<div class=\"elementor-row\">\n\t\t\t\t\t<div class=\"elementor-column elementor-col-50 elementor-top-column elementor-element elementor-element-bf1708f\" data-id=\"bf1708f\" data-element_type=\"column\">\n\t\t\t<div class=\"elementor-column-wrap\">\n\t\t\t\t\t\t\t<div class=\"elementor-widget-wrap\">\n\t\t\t\t\t\t\t\t<\/div>\n\t\t\t\t\t<\/div>\n\t\t<\/div>\n\t\t\t\t<div class=\"elementor-column elementor-col-50 elementor-top-column elementor-element elementor-element-fc03ad3\" data-id=\"fc03ad3\" data-element_type=\"column\">\n\t\t\t<div class=\"elementor-column-wrap elementor-element-populated\">\n\t\t\t\t\t\t\t<div class=\"elementor-widget-wrap\">\n\t\t\t\t\t\t<div class=\"elementor-element elementor-element-bca6b40 elementor-button-info elementor-align-center elementor-widget elementor-widget-button\" data-id=\"bca6b40\" data-element_type=\"widget\" data-widget_type=\"button.default\">\n\t\t\t\t<div class=\"elementor-widget-container\">\n\t\t\t\t\t<div class=\"elementor-button-wrapper\">\n\t\t\t<a href=\"http:\/\/eurolab-srl.com\/wp\/wp-content\/uploads\/2020\/09\/EL_TP_240.pdf\" class=\"elementor-button-link elementor-button elementor-size-xl\" role=\"button\">\n\t\t\t\t\t\t<span class=\"elementor-button-content-wrapper\">\n\t\t\t\t\t\t\t<span class=\"elementor-button-icon elementor-align-icon-left\">\n\t\t\t\t<i aria-hidden=\"true\" class=\"fas fa-file-download\"><\/i>\t\t\t<\/span>\n\t\t\t\t\t\t<span class=\"elementor-button-text\">DOWNLOAD<\/span>\n\t\t<\/span>\n\t\t\t\t\t<\/a>\n\t\t<\/div>\n\t\t\t\t<\/div>\n\t\t\t\t<\/div>\n\t\t\t\t\t\t<\/div>\n\t\t\t\t\t<\/div>\n\t\t<\/div>\n\t\t\t\t\t\t\t\t<\/div>\n\t\t\t\t\t<\/div>\n\t\t<\/section>\n\t\t\t\t\t\t\t\t\t<\/div>\n\t\t\t<\/div>\n\t\t\t\t\t<\/div>\n\t\t","protected":false},"excerpt":{"rendered":"<p>Il trasmettitore della serie EL TP 240 \u00e8 un apparato in grado di trasmettere un segnale video composito (pal o secam) pi\u00f9 due segnali audio a distanza. La distanza che pu\u00f2 coprire il segnale dell\u2019apparato dipende dal sistema di antenna utilizzato. Un sistema di antenna omnidirezionale pu\u00f2 coprire un\u2019area con un raggio dell\u2019ordine delle centinaia [&hellip;]<\/p>\n","protected":false},"author":1,"featured_media":0,"parent":1140,"menu_order":0,"comment_status":"closed","ping_status":"closed","template":"","meta":{"footnotes":""},"class_list":["post-1296","page","type-page","status-publish","hentry"],"_links":{"self":[{"href":"https:\/\/eurolab-srl.com\/index.php?rest_route=\/wp\/v2\/pages\/1296","targetHints":{"allow":["GET"]}}],"collection":[{"href":"https:\/\/eurolab-srl.com\/index.php?rest_route=\/wp\/v2\/pages"}],"about":[{"href":"https:\/\/eurolab-srl.com\/index.php?rest_route=\/wp\/v2\/types\/page"}],"author":[{"embeddable":true,"href":"https:\/\/eurolab-srl.com\/index.php?rest_route=\/wp\/v2\/users\/1"}],"replies":[{"embeddable":true,"href":"https:\/\/eurolab-srl.com\/index.php?rest_route=%2Fwp%2Fv2%2Fcomments&post=1296"}],"version-history":[{"count":2,"href":"https:\/\/eurolab-srl.com\/index.php?rest_route=\/wp\/v2\/pages\/1296\/revisions"}],"predecessor-version":[{"id":1302,"href":"https:\/\/eurolab-srl.com\/index.php?rest_route=\/wp\/v2\/pages\/1296\/revisions\/1302"}],"up":[{"embeddable":true,"href":"https:\/\/eurolab-srl.com\/index.php?rest_route=\/wp\/v2\/pages\/1140"}],"wp:attachment":[{"href":"https:\/\/eurolab-srl.com\/index.php?rest_route=%2Fwp%2Fv2%2Fmedia&parent=1296"}],"curies":[{"name":"wp","href":"https:\/\/api.w.org\/{rel}","templated":true}]}}