{"id":1290,"date":"2020-09-18T09:54:58","date_gmt":"2020-09-18T07:54:58","guid":{"rendered":"http:\/\/eurolab-srl.com\/wp\/?page_id=1290"},"modified":"2020-09-18T10:00:57","modified_gmt":"2020-09-18T08:00:57","slug":"el-rp-240","status":"publish","type":"page","link":"https:\/\/eurolab-srl.com\/?page_id=1290","title":{"rendered":"EL RP 240"},"content":{"rendered":"\t\t<div data-elementor-type=\"wp-page\" data-elementor-id=\"1290\" class=\"elementor elementor-1290\">\n\t\t\t\t\t\t<div class=\"elementor-inner\">\n\t\t\t\t<div class=\"elementor-section-wrap\">\n\t\t\t\t\t\t\t\t\t<section class=\"elementor-section elementor-top-section elementor-element elementor-element-bf143bb elementor-section-boxed elementor-section-height-default elementor-section-height-default\" data-id=\"bf143bb\" data-element_type=\"section\">\n\t\t\t\t\t\t<div class=\"elementor-container elementor-column-gap-default\">\n\t\t\t\t\t\t\t<div class=\"elementor-row\">\n\t\t\t\t\t<div class=\"elementor-column elementor-col-100 elementor-top-column elementor-element elementor-element-2f85695\" data-id=\"2f85695\" data-element_type=\"column\">\n\t\t\t<div class=\"elementor-column-wrap elementor-element-populated\">\n\t\t\t\t\t\t\t<div class=\"elementor-widget-wrap\">\n\t\t\t\t\t\t<div class=\"elementor-element elementor-element-53745eb elementor-widget elementor-widget-image\" data-id=\"53745eb\" data-element_type=\"widget\" data-widget_type=\"image.default\">\n\t\t\t\t<div class=\"elementor-widget-container\">\n\t\t\t\t\t\t\t\t<div class=\"elementor-image\">\n\t\t\t\t\t\t\t\t\t\t\t\t<img loading=\"lazy\" decoding=\"async\" width=\"699\" height=\"327\" src=\"https:\/\/eurolab-srl.com\/wp-content\/uploads\/2020\/09\/elrp240_2og89kxy.jpg\" class=\"attachment-large size-large wp-image-1293\" alt=\"\" srcset=\"https:\/\/eurolab-srl.com\/wp-content\/uploads\/2020\/09\/elrp240_2og89kxy.jpg 699w, https:\/\/eurolab-srl.com\/wp-content\/uploads\/2020\/09\/elrp240_2og89kxy-300x140.jpg 300w\" sizes=\"auto, (max-width: 699px) 100vw, 699px\" \/>\t\t\t\t\t\t\t\t\t\t\t\t\t\t<\/div>\n\t\t\t\t\t\t<\/div>\n\t\t\t\t<\/div>\n\t\t\t\t\t\t<\/div>\n\t\t\t\t\t<\/div>\n\t\t<\/div>\n\t\t\t\t\t\t\t\t<\/div>\n\t\t\t\t\t<\/div>\n\t\t<\/section>\n\t\t\t\t<section class=\"elementor-section elementor-top-section elementor-element elementor-element-e20fce9 elementor-section-boxed elementor-section-height-default elementor-section-height-default\" data-id=\"e20fce9\" data-element_type=\"section\">\n\t\t\t\t\t\t<div class=\"elementor-container elementor-column-gap-default\">\n\t\t\t\t\t\t\t<div class=\"elementor-row\">\n\t\t\t\t\t<div class=\"elementor-column elementor-col-100 elementor-top-column elementor-element elementor-element-d7bb343\" data-id=\"d7bb343\" data-element_type=\"column\">\n\t\t\t<div class=\"elementor-column-wrap elementor-element-populated\">\n\t\t\t\t\t\t\t<div class=\"elementor-widget-wrap\">\n\t\t\t\t\t\t<div class=\"elementor-element elementor-element-c8b6aef elementor-widget elementor-widget-text-editor\" data-id=\"c8b6aef\" data-element_type=\"widget\" data-widget_type=\"text-editor.default\">\n\t\t\t\t<div class=\"elementor-widget-container\">\n\t\t\t\t\t\t\t\t<div class=\"elementor-text-editor elementor-clearfix\">\n\t\t\t\t<div id=\"imCellStyle_2\"><div id=\"imTextObject_2\"><div id=\"imTextObject_2_tab0\" class=\"text-tab-content\"><div class=\"text-inner\"><div id=\"imCellStyle_2\"><div id=\"imTextObject_2\"><div id=\"imTextObject_2_tab0\" class=\"text-tab-content\"><div class=\"text-inner\"><div><div><div id=\"imCellStyle_2\"><div id=\"imTextObject_2\"><div id=\"imTextObject_2_tab0\" class=\"text-tab-content\"><div class=\"text-inner\"><div><div id=\"imCellStyle_2\"><div id=\"imTextObject_2\"><div id=\"imTextObject_2_tab0\" class=\"text-tab-content\"><div class=\"text-inner\"><div><div><div><div><span class=\"fs10\"><span class=\"cf1\">Il ricevitore della serie<\/span><span class=\"cf1\">\u00a0<\/span><\/span><span class=\"fs10\"><span class=\"fs10 cf2\">EL RP 24<\/span><\/span><span class=\"fs10 cf1\">0 \u00e8 un apparato in grado di ricevere e di demodulare un segnale video composito (pal o secam) pi\u00f9 due segnali audio. La ricezione pu\u00f2 avvenire tramite diversi sistemi di antenna; si possono connettere sia antenne direttive sia antenne omnidirezionali. Le dimensioni ed il peso sono estremamente contenuti dato l\u2019impiego delle\u00a0<\/span><span class=\"fs10 cf1\">pi\u00f9 moderne tecniche di costruzione mediante tecnologia S.M.D. che ne fanno un apparato dai molteplici impieghi.<\/span><\/div><div>\u00a0<\/div><div><span class=\"fs10 cf1\">Considerato l\u2019assorbimento molto contenuto l\u2019alimentazione di questo apparato pu\u00f2 essere effettuata, oltre che da un alimentatore, anche da una batteria o da dei pannelli convertitori di energia solare, conferendo cos\u00ec all\u2019apparato estrema flessibilit\u00e0 di utilizzo. Il contenitore di alluminio a tenuta stagna gli conferisce un elevato grado di protezione agli agenti\u00a0<\/span><span class=\"fs10 cf1\">atmosferici ed una elevata schermatura necessaria per poter permettere al ricevitore di operare anche in presenza di molteplici sistemi di ricetrasmissione senza venirne influenzato. La sintonia di ricezione \u00e8 a sintesi digitale, operante nella banda dei 2.4 GHz. L\u2019impostazione della frequenza voluta avviene in modo diretto tramite un display per mezzo di\u00a0<\/span><span class=\"fs10 cf1\">due pulsanti. Un circuito rivelatore di presenza segnale video fa si che un\u2019eventuale mancanza di quest\u2019ultimo attivi un rel\u00e8 che mette a disposizione un contatto di scambio visualizzando inoltre l\u2019allarme sul display. Una tensione proporzionale al livello di radiofrequenza ricevuto permette di effettuare un perfetto allineamento fra le antenne del\u00a0<\/span><span class=\"fs10 cf1\">sistema di ricetrasmissione. Questa misura di campo permette anche di monitorare continuamente la tratta di segnale.<\/span><\/div><\/div><\/div><\/div><\/div><\/div><\/div><\/div><\/div><\/div><\/div><\/div><\/div><\/div><\/div><\/div><\/div><\/div><\/div><\/div><\/div><\/div><\/div>\t\t\t\t\t<\/div>\n\t\t\t\t\t\t<\/div>\n\t\t\t\t<\/div>\n\t\t\t\t\t\t<\/div>\n\t\t\t\t\t<\/div>\n\t\t<\/div>\n\t\t\t\t\t\t\t\t<\/div>\n\t\t\t\t\t<\/div>\n\t\t<\/section>\n\t\t\t\t<section class=\"elementor-section elementor-top-section elementor-element elementor-element-6febe71 elementor-section-boxed elementor-section-height-default elementor-section-height-default\" data-id=\"6febe71\" data-element_type=\"section\">\n\t\t\t\t\t\t<div class=\"elementor-container elementor-column-gap-default\">\n\t\t\t\t\t\t\t<div class=\"elementor-row\">\n\t\t\t\t\t<div class=\"elementor-column elementor-col-100 elementor-top-column elementor-element elementor-element-6786c6e\" data-id=\"6786c6e\" data-element_type=\"column\">\n\t\t\t<div class=\"elementor-column-wrap elementor-element-populated\">\n\t\t\t\t\t\t\t<div class=\"elementor-widget-wrap\">\n\t\t\t\t\t\t<div class=\"elementor-element elementor-element-64adc06 elementor-widget elementor-widget-image\" data-id=\"64adc06\" data-element_type=\"widget\" data-widget_type=\"image.default\">\n\t\t\t\t<div class=\"elementor-widget-container\">\n\t\t\t\t\t\t\t\t<div class=\"elementor-image\">\n\t\t\t\t\t\t\t\t\t\t\t\t<img loading=\"lazy\" decoding=\"async\" width=\"654\" height=\"467\" src=\"https:\/\/eurolab-srl.com\/wp-content\/uploads\/2020\/09\/elrp240_details.jpg\" class=\"attachment-large size-large wp-image-1294\" alt=\"\" srcset=\"https:\/\/eurolab-srl.com\/wp-content\/uploads\/2020\/09\/elrp240_details.jpg 654w, https:\/\/eurolab-srl.com\/wp-content\/uploads\/2020\/09\/elrp240_details-300x214.jpg 300w\" sizes=\"auto, (max-width: 654px) 100vw, 654px\" \/>\t\t\t\t\t\t\t\t\t\t\t\t\t\t<\/div>\n\t\t\t\t\t\t<\/div>\n\t\t\t\t<\/div>\n\t\t\t\t\t\t<\/div>\n\t\t\t\t\t<\/div>\n\t\t<\/div>\n\t\t\t\t\t\t\t\t<\/div>\n\t\t\t\t\t<\/div>\n\t\t<\/section>\n\t\t\t\t<section class=\"elementor-section elementor-top-section elementor-element elementor-element-8879a20 elementor-section-boxed elementor-section-height-default elementor-section-height-default\" data-id=\"8879a20\" data-element_type=\"section\" data-settings=\"{&quot;background_background&quot;:&quot;classic&quot;}\">\n\t\t\t\t\t\t<div class=\"elementor-container elementor-column-gap-default\">\n\t\t\t\t\t\t\t<div class=\"elementor-row\">\n\t\t\t\t\t<div class=\"elementor-column elementor-col-50 elementor-top-column elementor-element elementor-element-9b36e94\" data-id=\"9b36e94\" data-element_type=\"column\">\n\t\t\t<div class=\"elementor-column-wrap\">\n\t\t\t\t\t\t\t<div class=\"elementor-widget-wrap\">\n\t\t\t\t\t\t\t\t<\/div>\n\t\t\t\t\t<\/div>\n\t\t<\/div>\n\t\t\t\t<div class=\"elementor-column elementor-col-50 elementor-top-column elementor-element elementor-element-03ce8a0\" data-id=\"03ce8a0\" data-element_type=\"column\">\n\t\t\t<div class=\"elementor-column-wrap elementor-element-populated\">\n\t\t\t\t\t\t\t<div class=\"elementor-widget-wrap\">\n\t\t\t\t\t\t<div class=\"elementor-element elementor-element-2b3652d elementor-button-info elementor-align-center elementor-widget elementor-widget-button\" data-id=\"2b3652d\" data-element_type=\"widget\" data-widget_type=\"button.default\">\n\t\t\t\t<div class=\"elementor-widget-container\">\n\t\t\t\t\t<div class=\"elementor-button-wrapper\">\n\t\t\t<a href=\"http:\/\/eurolab-srl.com\/wp\/wp-content\/uploads\/2020\/09\/EL_RP_240.pdf\" class=\"elementor-button-link elementor-button elementor-size-xl\" role=\"button\">\n\t\t\t\t\t\t<span class=\"elementor-button-content-wrapper\">\n\t\t\t\t\t\t\t<span class=\"elementor-button-icon elementor-align-icon-left\">\n\t\t\t\t<i aria-hidden=\"true\" class=\"fas fa-file-download\"><\/i>\t\t\t<\/span>\n\t\t\t\t\t\t<span class=\"elementor-button-text\">DOWNLOAD<\/span>\n\t\t<\/span>\n\t\t\t\t\t<\/a>\n\t\t<\/div>\n\t\t\t\t<\/div>\n\t\t\t\t<\/div>\n\t\t\t\t\t\t<\/div>\n\t\t\t\t\t<\/div>\n\t\t<\/div>\n\t\t\t\t\t\t\t\t<\/div>\n\t\t\t\t\t<\/div>\n\t\t<\/section>\n\t\t\t\t\t\t\t\t\t<\/div>\n\t\t\t<\/div>\n\t\t\t\t\t<\/div>\n\t\t","protected":false},"excerpt":{"rendered":"<p>Il ricevitore della serie\u00a0EL RP 240 \u00e8 un apparato in grado di ricevere e di demodulare un segnale video composito (pal o secam) pi\u00f9 due segnali audio. La ricezione pu\u00f2 avvenire tramite diversi sistemi di antenna; si possono connettere sia antenne direttive sia antenne omnidirezionali. Le dimensioni ed il peso sono estremamente contenuti dato l\u2019impiego [&hellip;]<\/p>\n","protected":false},"author":1,"featured_media":0,"parent":1140,"menu_order":0,"comment_status":"closed","ping_status":"closed","template":"","meta":{"footnotes":""},"class_list":["post-1290","page","type-page","status-publish","hentry"],"_links":{"self":[{"href":"https:\/\/eurolab-srl.com\/index.php?rest_route=\/wp\/v2\/pages\/1290","targetHints":{"allow":["GET"]}}],"collection":[{"href":"https:\/\/eurolab-srl.com\/index.php?rest_route=\/wp\/v2\/pages"}],"about":[{"href":"https:\/\/eurolab-srl.com\/index.php?rest_route=\/wp\/v2\/types\/page"}],"author":[{"embeddable":true,"href":"https:\/\/eurolab-srl.com\/index.php?rest_route=\/wp\/v2\/users\/1"}],"replies":[{"embeddable":true,"href":"https:\/\/eurolab-srl.com\/index.php?rest_route=%2Fwp%2Fv2%2Fcomments&post=1290"}],"version-history":[{"count":3,"href":"https:\/\/eurolab-srl.com\/index.php?rest_route=\/wp\/v2\/pages\/1290\/revisions"}],"predecessor-version":[{"id":1300,"href":"https:\/\/eurolab-srl.com\/index.php?rest_route=\/wp\/v2\/pages\/1290\/revisions\/1300"}],"up":[{"embeddable":true,"href":"https:\/\/eurolab-srl.com\/index.php?rest_route=\/wp\/v2\/pages\/1140"}],"wp:attachment":[{"href":"https:\/\/eurolab-srl.com\/index.php?rest_route=%2Fwp%2Fv2%2Fmedia&parent=1290"}],"curies":[{"name":"wp","href":"https:\/\/api.w.org\/{rel}","templated":true}]}}