{"id":1285,"date":"2020-09-18T09:52:45","date_gmt":"2020-09-18T07:52:45","guid":{"rendered":"http:\/\/eurolab-srl.com\/wp\/?page_id=1285"},"modified":"2020-09-18T09:54:12","modified_gmt":"2020-09-18T07:54:12","slug":"elga-400","status":"publish","type":"page","link":"https:\/\/eurolab-srl.com\/?page_id=1285","title":{"rendered":"ELGA 400"},"content":{"rendered":"\t\t<div data-elementor-type=\"wp-page\" data-elementor-id=\"1285\" class=\"elementor elementor-1285\">\n\t\t\t\t\t\t<div class=\"elementor-inner\">\n\t\t\t\t<div class=\"elementor-section-wrap\">\n\t\t\t\t\t\t\t\t\t<section class=\"elementor-section elementor-top-section elementor-element elementor-element-1f2c584 elementor-section-boxed elementor-section-height-default elementor-section-height-default\" data-id=\"1f2c584\" data-element_type=\"section\">\n\t\t\t\t\t\t<div class=\"elementor-container elementor-column-gap-default\">\n\t\t\t\t\t\t\t<div class=\"elementor-row\">\n\t\t\t\t\t<div class=\"elementor-column elementor-col-100 elementor-top-column elementor-element elementor-element-ec4dd5f\" data-id=\"ec4dd5f\" data-element_type=\"column\">\n\t\t\t<div class=\"elementor-column-wrap elementor-element-populated\">\n\t\t\t\t\t\t\t<div class=\"elementor-widget-wrap\">\n\t\t\t\t\t\t<div class=\"elementor-element elementor-element-b070a49 elementor-widget elementor-widget-image\" data-id=\"b070a49\" data-element_type=\"widget\" data-widget_type=\"image.default\">\n\t\t\t\t<div class=\"elementor-widget-container\">\n\t\t\t\t\t\t\t\t<div class=\"elementor-image\">\n\t\t\t\t\t\t\t\t\t\t\t\t<img loading=\"lazy\" decoding=\"async\" width=\"699\" height=\"327\" src=\"https:\/\/eurolab-srl.com\/wp-content\/uploads\/2020\/09\/elga400_84320y88.jpg\" class=\"attachment-large size-large wp-image-1288\" alt=\"\" srcset=\"https:\/\/eurolab-srl.com\/wp-content\/uploads\/2020\/09\/elga400_84320y88.jpg 699w, https:\/\/eurolab-srl.com\/wp-content\/uploads\/2020\/09\/elga400_84320y88-300x140.jpg 300w\" sizes=\"auto, (max-width: 699px) 100vw, 699px\" \/>\t\t\t\t\t\t\t\t\t\t\t\t\t\t<\/div>\n\t\t\t\t\t\t<\/div>\n\t\t\t\t<\/div>\n\t\t\t\t\t\t<\/div>\n\t\t\t\t\t<\/div>\n\t\t<\/div>\n\t\t\t\t\t\t\t\t<\/div>\n\t\t\t\t\t<\/div>\n\t\t<\/section>\n\t\t\t\t<section class=\"elementor-section elementor-top-section elementor-element elementor-element-1db84d9 elementor-section-boxed elementor-section-height-default elementor-section-height-default\" data-id=\"1db84d9\" data-element_type=\"section\">\n\t\t\t\t\t\t<div class=\"elementor-container elementor-column-gap-default\">\n\t\t\t\t\t\t\t<div class=\"elementor-row\">\n\t\t\t\t\t<div class=\"elementor-column elementor-col-100 elementor-top-column elementor-element elementor-element-f967f0b\" data-id=\"f967f0b\" data-element_type=\"column\">\n\t\t\t<div class=\"elementor-column-wrap elementor-element-populated\">\n\t\t\t\t\t\t\t<div class=\"elementor-widget-wrap\">\n\t\t\t\t\t\t<div class=\"elementor-element elementor-element-24aaf78 elementor-widget elementor-widget-text-editor\" data-id=\"24aaf78\" data-element_type=\"widget\" data-widget_type=\"text-editor.default\">\n\t\t\t\t<div class=\"elementor-widget-container\">\n\t\t\t\t\t\t\t\t<div class=\"elementor-text-editor elementor-clearfix\">\n\t\t\t\t<div id=\"imCellStyle_2\"><div id=\"imTextObject_2\"><div id=\"imTextObject_2_tab0\" class=\"text-tab-content\"><div class=\"text-inner\"><div id=\"imCellStyle_2\"><div id=\"imTextObject_2\"><div id=\"imTextObject_2_tab0\" class=\"text-tab-content\"><div class=\"text-inner\"><div><div><div id=\"imCellStyle_2\"><div id=\"imTextObject_2\"><div id=\"imTextObject_2_tab0\" class=\"text-tab-content\"><div class=\"text-inner\"><div><div id=\"imCellStyle_2\"><div id=\"imTextObject_2\"><div id=\"imTextObject_2_tab0\" class=\"text-tab-content\"><div class=\"text-inner\"><div><div><div><span class=\"fs10 cf1\">Una delle cause primarie di malfunzionamento in un sistema complesso, spesso sottovalutata, \u00e8 la robustezza della sezione di alimentazione elettrica.<\/span><\/div><div>\u00a0<\/div><div><span class=\"fs10 cf1\">Il modello ELGA 400 \u00e8 uno Switch di Potenza ad alta efficienza, installabile in rack 19\u201d, che fornisce potenza ridondata agli apparati muniti di un singolo ingresso di alimentazione, attingendola da due sorgenti indipendenti e ridondate, consentendo a carichi critici di continuare a funzionare con discontinuit\u00e0 di servizio minima o nulla.<\/span><\/div><div>\u00a0<\/div><div><span class=\"fs10 cf1\">In condizioni di utilizzo normali, nel caso di interruzione temporanea della sorgente primaria, lo Switch commuta automaticamente, verso la sorgente secondaria secondo lo schema \u201cBreak Before Make\u201d, indipendentemente da eventuali differenze di fase tra le due sorgenti, in completa sicurezza e con una temporizzazione preimpostata di due secondi (\u00e8 per\u00f2 possibile definire valori diversi se richiesto).<\/span><\/div><div>\u00a0<\/div><div><span class=\"fs10 cf1\">Progettato tenendo ben presenti caratteristiche di semplicit\u00e0 di utilizzo, di compattezza, di affidabilit\u00e0 e, non da ultimo, l\u2019economia di acquisto e di gestione, lo Switch ELGA 400 \u00e8 dotato di tutte le funzionalit\u00e0 necessarie per le finalit\u00e0 cui \u00e8 destinato.<\/span><\/div><div>\u00a0<\/div><div><span class=\"fs10 cf1\">Le funzioni di controllo continuo della qualit\u00e0 dell\u2019energia erogata al carico e i criteri di selezione e ripristino (anche manualmente da pannello frontale per operazioni di verifica e manutenzione) della sorgente prioritaria e opzionalmente la connettivit\u00e0 di rete per le operazioni di gestione e monitoraggio via Web e SNMP, rendono lo Switch ELGA 400 una valida e versatile protezione per tutti i carichi critici, garantendo la necessaria continuit\u00e0 di servizio.<\/span><\/div><\/div><\/div><\/div><\/div><\/div><\/div><p><span class=\"fs10 cf1\">\u00a0<\/span><\/p><\/div><\/div><\/div><\/div><\/div><\/div><\/div><\/div><\/div><\/div><\/div><\/div><\/div><\/div><\/div>\t\t\t\t\t<\/div>\n\t\t\t\t\t\t<\/div>\n\t\t\t\t<\/div>\n\t\t\t\t\t\t<\/div>\n\t\t\t\t\t<\/div>\n\t\t<\/div>\n\t\t\t\t\t\t\t\t<\/div>\n\t\t\t\t\t<\/div>\n\t\t<\/section>\n\t\t\t\t<section class=\"elementor-section elementor-top-section elementor-element elementor-element-8109d3d elementor-section-boxed elementor-section-height-default elementor-section-height-default\" data-id=\"8109d3d\" data-element_type=\"section\" data-settings=\"{&quot;background_background&quot;:&quot;classic&quot;}\">\n\t\t\t\t\t\t<div class=\"elementor-container elementor-column-gap-default\">\n\t\t\t\t\t\t\t<div class=\"elementor-row\">\n\t\t\t\t\t<div class=\"elementor-column elementor-col-50 elementor-top-column elementor-element elementor-element-663b106\" data-id=\"663b106\" data-element_type=\"column\">\n\t\t\t<div class=\"elementor-column-wrap elementor-element-populated\">\n\t\t\t\t\t\t\t<div class=\"elementor-widget-wrap\">\n\t\t\t\t\t\t<div class=\"elementor-element elementor-element-dae1894 elementor-widget elementor-widget-text-editor\" data-id=\"dae1894\" data-element_type=\"widget\" data-widget_type=\"text-editor.default\">\n\t\t\t\t<div class=\"elementor-widget-container\">\n\t\t\t\t\t\t\t\t<div class=\"elementor-text-editor elementor-clearfix\">\n\t\t\t\t<h4><span class=\"cf1\"><b class=\"fs13\">CARATTERISTICHE TECNICHE PRINCIPALI<\/b><\/span><\/h4><ul><li><span class=\"fs10 cf2\">Monitoraggio continuo delle sorgenti<\/span><\/li><li><span class=\"fs10 cf2\">Commutazione sicura anche tra sorgenti fuori fase<\/span><\/li><li><span class=\"fs10 cf2\">Gestione via Ethernet (opzionale)<\/span><\/li><li><span class=\"fs10 cf2\">Commutazione automatica\/manuale verso una sorgente alternativa<\/span><\/li><li><span class=\"fs10 cf2\">Selezione della sorgente preferita sul pannello frontale o in modo remoto<\/span><\/li><li><span class=\"fs10 cf2\">Tempo di intervento personalizzabile<\/span><\/li><\/ul>\t\t\t\t\t<\/div>\n\t\t\t\t\t\t<\/div>\n\t\t\t\t<\/div>\n\t\t\t\t\t\t<\/div>\n\t\t\t\t\t<\/div>\n\t\t<\/div>\n\t\t\t\t<div class=\"elementor-column elementor-col-50 elementor-top-column elementor-element elementor-element-26edc57\" data-id=\"26edc57\" data-element_type=\"column\">\n\t\t\t<div class=\"elementor-column-wrap elementor-element-populated\">\n\t\t\t\t\t\t\t<div class=\"elementor-widget-wrap\">\n\t\t\t\t\t\t<div class=\"elementor-element elementor-element-a8ff89f elementor-button-info elementor-align-center elementor-widget elementor-widget-button\" data-id=\"a8ff89f\" data-element_type=\"widget\" data-widget_type=\"button.default\">\n\t\t\t\t<div class=\"elementor-widget-container\">\n\t\t\t\t\t<div class=\"elementor-button-wrapper\">\n\t\t\t<a href=\"http:\/\/eurolab-srl.com\/wp\/wp-content\/uploads\/2020\/09\/ELGA-400-Switch.pdf\" class=\"elementor-button-link elementor-button elementor-size-xl\" role=\"button\">\n\t\t\t\t\t\t<span class=\"elementor-button-content-wrapper\">\n\t\t\t\t\t\t\t<span class=\"elementor-button-icon elementor-align-icon-left\">\n\t\t\t\t<i aria-hidden=\"true\" class=\"fas fa-file-download\"><\/i>\t\t\t<\/span>\n\t\t\t\t\t\t<span class=\"elementor-button-text\">DOWNLOAD<\/span>\n\t\t<\/span>\n\t\t\t\t\t<\/a>\n\t\t<\/div>\n\t\t\t\t<\/div>\n\t\t\t\t<\/div>\n\t\t\t\t\t\t<\/div>\n\t\t\t\t\t<\/div>\n\t\t<\/div>\n\t\t\t\t\t\t\t\t<\/div>\n\t\t\t\t\t<\/div>\n\t\t<\/section>\n\t\t\t\t\t\t\t\t\t<\/div>\n\t\t\t<\/div>\n\t\t\t\t\t<\/div>\n\t\t","protected":false},"excerpt":{"rendered":"<p>Una delle cause primarie di malfunzionamento in un sistema complesso, spesso sottovalutata, \u00e8 la robustezza della sezione di alimentazione elettrica.\u00a0Il modello ELGA 400 \u00e8 uno Switch di Potenza ad alta efficienza, installabile in rack 19\u201d, che fornisce potenza ridondata agli apparati muniti di un singolo ingresso di alimentazione, attingendola da due sorgenti indipendenti e ridondate, [&hellip;]<\/p>\n","protected":false},"author":1,"featured_media":0,"parent":1140,"menu_order":0,"comment_status":"closed","ping_status":"closed","template":"","meta":{"footnotes":""},"class_list":["post-1285","page","type-page","status-publish","hentry"],"_links":{"self":[{"href":"https:\/\/eurolab-srl.com\/index.php?rest_route=\/wp\/v2\/pages\/1285","targetHints":{"allow":["GET"]}}],"collection":[{"href":"https:\/\/eurolab-srl.com\/index.php?rest_route=\/wp\/v2\/pages"}],"about":[{"href":"https:\/\/eurolab-srl.com\/index.php?rest_route=\/wp\/v2\/types\/page"}],"author":[{"embeddable":true,"href":"https:\/\/eurolab-srl.com\/index.php?rest_route=\/wp\/v2\/users\/1"}],"replies":[{"embeddable":true,"href":"https:\/\/eurolab-srl.com\/index.php?rest_route=%2Fwp%2Fv2%2Fcomments&post=1285"}],"version-history":[{"count":2,"href":"https:\/\/eurolab-srl.com\/index.php?rest_route=\/wp\/v2\/pages\/1285\/revisions"}],"predecessor-version":[{"id":1289,"href":"https:\/\/eurolab-srl.com\/index.php?rest_route=\/wp\/v2\/pages\/1285\/revisions\/1289"}],"up":[{"embeddable":true,"href":"https:\/\/eurolab-srl.com\/index.php?rest_route=\/wp\/v2\/pages\/1140"}],"wp:attachment":[{"href":"https:\/\/eurolab-srl.com\/index.php?rest_route=%2Fwp%2Fv2%2Fmedia&parent=1285"}],"curies":[{"name":"wp","href":"https:\/\/api.w.org\/{rel}","templated":true}]}}