{"id":1279,"date":"2020-09-18T09:49:22","date_gmt":"2020-09-18T07:49:22","guid":{"rendered":"http:\/\/eurolab-srl.com\/wp\/?page_id=1279"},"modified":"2020-09-18T09:51:24","modified_gmt":"2020-09-18T07:51:24","slug":"elag-410","status":"publish","type":"page","link":"https:\/\/eurolab-srl.com\/?page_id=1279","title":{"rendered":"ELAG 410"},"content":{"rendered":"\t\t<div data-elementor-type=\"wp-page\" data-elementor-id=\"1279\" class=\"elementor elementor-1279\">\n\t\t\t\t\t\t<div class=\"elementor-inner\">\n\t\t\t\t<div class=\"elementor-section-wrap\">\n\t\t\t\t\t\t\t\t\t<section class=\"elementor-section elementor-top-section elementor-element elementor-element-1a3c0ef elementor-section-boxed elementor-section-height-default elementor-section-height-default\" data-id=\"1a3c0ef\" data-element_type=\"section\">\n\t\t\t\t\t\t<div class=\"elementor-container elementor-column-gap-default\">\n\t\t\t\t\t\t\t<div class=\"elementor-row\">\n\t\t\t\t\t<div class=\"elementor-column elementor-col-100 elementor-top-column elementor-element elementor-element-9f01dd4\" data-id=\"9f01dd4\" data-element_type=\"column\">\n\t\t\t<div class=\"elementor-column-wrap elementor-element-populated\">\n\t\t\t\t\t\t\t<div class=\"elementor-widget-wrap\">\n\t\t\t\t\t\t<div class=\"elementor-element elementor-element-06a02a0 elementor-widget elementor-widget-image\" data-id=\"06a02a0\" data-element_type=\"widget\" data-widget_type=\"image.default\">\n\t\t\t\t<div class=\"elementor-widget-container\">\n\t\t\t\t\t\t\t\t<div class=\"elementor-image\">\n\t\t\t\t\t\t\t\t\t\t\t\t<img loading=\"lazy\" decoding=\"async\" width=\"699\" height=\"327\" src=\"https:\/\/eurolab-srl.com\/wp-content\/uploads\/2020\/09\/elag_410_515n5643.jpg\" class=\"attachment-large size-large wp-image-1282\" alt=\"\" srcset=\"https:\/\/eurolab-srl.com\/wp-content\/uploads\/2020\/09\/elag_410_515n5643.jpg 699w, https:\/\/eurolab-srl.com\/wp-content\/uploads\/2020\/09\/elag_410_515n5643-300x140.jpg 300w\" sizes=\"auto, (max-width: 699px) 100vw, 699px\" \/>\t\t\t\t\t\t\t\t\t\t\t\t\t\t<\/div>\n\t\t\t\t\t\t<\/div>\n\t\t\t\t<\/div>\n\t\t\t\t\t\t<\/div>\n\t\t\t\t\t<\/div>\n\t\t<\/div>\n\t\t\t\t\t\t\t\t<\/div>\n\t\t\t\t\t<\/div>\n\t\t<\/section>\n\t\t\t\t<section class=\"elementor-section elementor-top-section elementor-element elementor-element-b6e6155 elementor-section-boxed elementor-section-height-default elementor-section-height-default\" data-id=\"b6e6155\" data-element_type=\"section\">\n\t\t\t\t\t\t<div class=\"elementor-container elementor-column-gap-default\">\n\t\t\t\t\t\t\t<div class=\"elementor-row\">\n\t\t\t\t\t<div class=\"elementor-column elementor-col-100 elementor-top-column elementor-element elementor-element-e55e743\" data-id=\"e55e743\" data-element_type=\"column\">\n\t\t\t<div class=\"elementor-column-wrap elementor-element-populated\">\n\t\t\t\t\t\t\t<div class=\"elementor-widget-wrap\">\n\t\t\t\t\t\t<div class=\"elementor-element elementor-element-ba88ffc elementor-widget elementor-widget-text-editor\" data-id=\"ba88ffc\" data-element_type=\"widget\" data-widget_type=\"text-editor.default\">\n\t\t\t\t<div class=\"elementor-widget-container\">\n\t\t\t\t\t\t\t\t<div class=\"elementor-text-editor elementor-clearfix\">\n\t\t\t\t<div id=\"imCellStyle_2\"><div id=\"imTextObject_2\"><div id=\"imTextObject_2_tab0\" class=\"text-tab-content\"><div class=\"text-inner\"><div id=\"imCellStyle_2\"><div id=\"imTextObject_2\"><div id=\"imTextObject_2_tab0\" class=\"text-tab-content\"><div class=\"text-inner\"><div><div><div id=\"imCellStyle_2\"><div id=\"imTextObject_2\"><div id=\"imTextObject_2_tab0\" class=\"text-tab-content\"><div class=\"text-inner\"><div><div id=\"imCellStyle_2\"><div id=\"imTextObject_2\"><div id=\"imTextObject_2_tab0\" class=\"text-tab-content\"><div class=\"text-inner\"><div><div><span class=\"fs10 cf1\">La formazione di accumuli di ghiaccio sugli impianti di antenna installati in luoghi soggetti a rigide condizioni ambientali, causa generalmente una graduale diminuzione dell\u2019efficienza di emissione \/ ricezione, fino al punto da comprometterne completamente l\u2019operativit\u00e0 nei casi pi\u00f9 estremi. Il modello ELAG410 \u00e8 un sistema ideato per una efficace gestione di elementi riscaldanti idonei a prevenire la formazione di ghiaccio su sistemi di\u00a0antenna con o senza radome.<\/span><\/div><div>\u00a0<\/div><div><span class=\"fs10 cf1\">Acquisendo una serie di parametri operativi, ambientali ed elettrici, l\u2019unit\u00e0 consente una gestione accurata dei tempi di intervento, determinando una rilevante ottimizzazione della potenza impiegata e di conseguenza un significativo risparmio energetico. Tutte le operazioni di impostazione e di visualizzazione dei parametri di funzionamento possono essere effettuate sia in modo locale, tramite pannello frontale display, sia attraverso un host remoto con web browser, a mezzo di una connessione.<\/span><\/div><div>\u00a0<\/div><div><span class=\"fs10 cf1\">L\u2019unit\u00e0 ELAG410 \u00e8 equipaggiata con una robusta sonda attiva per la rilevazione dei dati di temperatura e umidit\u00e0 relativa, realizzata appositamente per operare condizioni di utilizzo tipiche dei tralicci per telecomunicazioni, posti in zone montane che presentano ampie escursioni termiche. I dati acquisiti vengono utilizzati dal controllo per il calcolo di parametri fondamentali come\u00a0il Punto di Rugiada, al fine di una migliore strategia di funzionamento, in relazione alla situazione ambientale. Per migliorare gli aspetti di operativit\u00e0 generale, l\u2019apparato \u00e8 in grado di pilotare due distinti sistemi riscaldanti, che possono essere utilizzati in alternativa aumentando l\u2019affidabilit\u00e0, o congiuntamente, qualora sia richiesto un gradiente termico elevato. Nel caso di installazioni multiple in uno stesso complesso, \u00e8 prevista la possibilit\u00e0 che possano condividere la stessa sonda di rilevamento dei dati ambientali.<\/span><\/div><\/div><\/div><\/div><\/div><\/div><p><span class=\"fs10 cf1\">\u00a0<\/span><\/p><\/div><\/div><\/div><\/div><\/div><\/div><\/div><\/div><\/div><\/div><\/div><\/div><\/div><\/div><\/div>\t\t\t\t\t<\/div>\n\t\t\t\t\t\t<\/div>\n\t\t\t\t<\/div>\n\t\t\t\t\t\t<\/div>\n\t\t\t\t\t<\/div>\n\t\t<\/div>\n\t\t\t\t\t\t\t\t<\/div>\n\t\t\t\t\t<\/div>\n\t\t<\/section>\n\t\t\t\t<section class=\"elementor-section elementor-top-section elementor-element elementor-element-9e6a739 elementor-section-boxed elementor-section-height-default elementor-section-height-default\" data-id=\"9e6a739\" data-element_type=\"section\" data-settings=\"{&quot;background_background&quot;:&quot;classic&quot;}\">\n\t\t\t\t\t\t<div class=\"elementor-container elementor-column-gap-default\">\n\t\t\t\t\t\t\t<div class=\"elementor-row\">\n\t\t\t\t\t<div class=\"elementor-column elementor-col-50 elementor-top-column elementor-element elementor-element-9f709f0\" data-id=\"9f709f0\" data-element_type=\"column\">\n\t\t\t<div class=\"elementor-column-wrap elementor-element-populated\">\n\t\t\t\t\t\t\t<div class=\"elementor-widget-wrap\">\n\t\t\t\t\t\t<div class=\"elementor-element elementor-element-6ede51f elementor-widget elementor-widget-text-editor\" data-id=\"6ede51f\" data-element_type=\"widget\" data-widget_type=\"text-editor.default\">\n\t\t\t\t<div class=\"elementor-widget-container\">\n\t\t\t\t\t\t\t\t<div class=\"elementor-text-editor elementor-clearfix\">\n\t\t\t\t<h4><span class=\"cf1\"><b class=\"fs13\">CARATTERISTICHE TECNICHE PRINCIPALI<\/b><\/span><\/h4><ul><li><span class=\"fs10 cf2\">Monitoraggio continuo delle condizioni ambientali<\/span><\/li><li><span class=\"fs10 cf2\">Soglie di intervento programmabili<\/span><\/li><li><span class=\"fs10 cf2\">Ottimizzazione della potenza impiegata<\/span><\/li><li><span class=\"fs10 cf2\">Gestione remota via Ethernet e Web Browser<\/span><\/li><li><span class=\"fs10 cf2\">Operazioni in Automatico\/Manuale<\/span><\/li><li><span class=\"fs10 cf2\">Esecuzione compatta in rack 19\u201d 1U.<\/span><\/li><li><span class=\"fs10 cf2\">Sistemi di riscaldamento su specifica<\/span><\/li><\/ul>\t\t\t\t\t<\/div>\n\t\t\t\t\t\t<\/div>\n\t\t\t\t<\/div>\n\t\t\t\t\t\t<\/div>\n\t\t\t\t\t<\/div>\n\t\t<\/div>\n\t\t\t\t<div class=\"elementor-column elementor-col-50 elementor-top-column elementor-element elementor-element-6761a78\" data-id=\"6761a78\" data-element_type=\"column\">\n\t\t\t<div class=\"elementor-column-wrap elementor-element-populated\">\n\t\t\t\t\t\t\t<div class=\"elementor-widget-wrap\">\n\t\t\t\t\t\t<div class=\"elementor-element elementor-element-ed4fc5c elementor-button-info elementor-align-center elementor-widget elementor-widget-button\" data-id=\"ed4fc5c\" data-element_type=\"widget\" data-widget_type=\"button.default\">\n\t\t\t\t<div class=\"elementor-widget-container\">\n\t\t\t\t\t<div class=\"elementor-button-wrapper\">\n\t\t\t<a href=\"http:\/\/eurolab-srl.com\/wp\/wp-content\/uploads\/2020\/09\/ELAG_410.pdf\" class=\"elementor-button-link elementor-button elementor-size-xl\" role=\"button\">\n\t\t\t\t\t\t<span class=\"elementor-button-content-wrapper\">\n\t\t\t\t\t\t\t<span class=\"elementor-button-icon elementor-align-icon-left\">\n\t\t\t\t<i aria-hidden=\"true\" class=\"fas fa-file-download\"><\/i>\t\t\t<\/span>\n\t\t\t\t\t\t<span class=\"elementor-button-text\">DOWNLOAD<\/span>\n\t\t<\/span>\n\t\t\t\t\t<\/a>\n\t\t<\/div>\n\t\t\t\t<\/div>\n\t\t\t\t<\/div>\n\t\t\t\t\t\t<\/div>\n\t\t\t\t\t<\/div>\n\t\t<\/div>\n\t\t\t\t\t\t\t\t<\/div>\n\t\t\t\t\t<\/div>\n\t\t<\/section>\n\t\t\t\t\t\t\t\t\t<\/div>\n\t\t\t<\/div>\n\t\t\t\t\t<\/div>\n\t\t","protected":false},"excerpt":{"rendered":"<p>La formazione di accumuli di ghiaccio sugli impianti di antenna installati in luoghi soggetti a rigide condizioni ambientali, causa generalmente una graduale diminuzione dell\u2019efficienza di emissione \/ ricezione, fino al punto da comprometterne completamente l\u2019operativit\u00e0 nei casi pi\u00f9 estremi. Il modello ELAG410 \u00e8 un sistema ideato per una efficace gestione di elementi riscaldanti idonei a [&hellip;]<\/p>\n","protected":false},"author":1,"featured_media":0,"parent":1140,"menu_order":0,"comment_status":"closed","ping_status":"closed","template":"","meta":{"footnotes":""},"class_list":["post-1279","page","type-page","status-publish","hentry"],"_links":{"self":[{"href":"https:\/\/eurolab-srl.com\/index.php?rest_route=\/wp\/v2\/pages\/1279","targetHints":{"allow":["GET"]}}],"collection":[{"href":"https:\/\/eurolab-srl.com\/index.php?rest_route=\/wp\/v2\/pages"}],"about":[{"href":"https:\/\/eurolab-srl.com\/index.php?rest_route=\/wp\/v2\/types\/page"}],"author":[{"embeddable":true,"href":"https:\/\/eurolab-srl.com\/index.php?rest_route=\/wp\/v2\/users\/1"}],"replies":[{"embeddable":true,"href":"https:\/\/eurolab-srl.com\/index.php?rest_route=%2Fwp%2Fv2%2Fcomments&post=1279"}],"version-history":[{"count":2,"href":"https:\/\/eurolab-srl.com\/index.php?rest_route=\/wp\/v2\/pages\/1279\/revisions"}],"predecessor-version":[{"id":1283,"href":"https:\/\/eurolab-srl.com\/index.php?rest_route=\/wp\/v2\/pages\/1279\/revisions\/1283"}],"up":[{"embeddable":true,"href":"https:\/\/eurolab-srl.com\/index.php?rest_route=\/wp\/v2\/pages\/1140"}],"wp:attachment":[{"href":"https:\/\/eurolab-srl.com\/index.php?rest_route=%2Fwp%2Fv2%2Fmedia&parent=1279"}],"curies":[{"name":"wp","href":"https:\/\/api.w.org\/{rel}","templated":true}]}}