{"id":1216,"date":"2020-09-11T11:30:37","date_gmt":"2020-09-11T09:30:37","guid":{"rendered":"http:\/\/eurolab-srl.com\/wp\/?page_id=1216"},"modified":"2020-09-11T11:33:08","modified_gmt":"2020-09-11T09:33:08","slug":"ela0-gps","status":"publish","type":"page","link":"https:\/\/eurolab-srl.com\/?page_id=1216","title":{"rendered":"ELA0 GPS"},"content":{"rendered":"\t\t<div data-elementor-type=\"wp-page\" data-elementor-id=\"1216\" class=\"elementor elementor-1216\">\n\t\t\t\t\t\t<div class=\"elementor-inner\">\n\t\t\t\t<div class=\"elementor-section-wrap\">\n\t\t\t\t\t\t\t\t\t<section class=\"elementor-section elementor-top-section elementor-element elementor-element-41d9138 elementor-section-boxed elementor-section-height-default elementor-section-height-default\" data-id=\"41d9138\" data-element_type=\"section\">\n\t\t\t\t\t\t<div class=\"elementor-container elementor-column-gap-default\">\n\t\t\t\t\t\t\t<div class=\"elementor-row\">\n\t\t\t\t\t<div class=\"elementor-column elementor-col-100 elementor-top-column elementor-element elementor-element-dbd1b28\" data-id=\"dbd1b28\" data-element_type=\"column\">\n\t\t\t<div class=\"elementor-column-wrap elementor-element-populated\">\n\t\t\t\t\t\t\t<div class=\"elementor-widget-wrap\">\n\t\t\t\t\t\t<div class=\"elementor-element elementor-element-be09fde elementor-widget elementor-widget-image\" data-id=\"be09fde\" data-element_type=\"widget\" data-widget_type=\"image.default\">\n\t\t\t\t<div class=\"elementor-widget-container\">\n\t\t\t\t\t\t\t\t<div class=\"elementor-image\">\n\t\t\t\t\t\t\t\t\t\t\t\t<img loading=\"lazy\" decoding=\"async\" width=\"699\" height=\"327\" src=\"https:\/\/eurolab-srl.com\/wp-content\/uploads\/2020\/09\/elaogps_7x7uvi0f.jpg\" class=\"attachment-large size-large wp-image-1218\" alt=\"\" srcset=\"https:\/\/eurolab-srl.com\/wp-content\/uploads\/2020\/09\/elaogps_7x7uvi0f.jpg 699w, https:\/\/eurolab-srl.com\/wp-content\/uploads\/2020\/09\/elaogps_7x7uvi0f-300x140.jpg 300w\" sizes=\"auto, (max-width: 699px) 100vw, 699px\" \/>\t\t\t\t\t\t\t\t\t\t\t\t\t\t<\/div>\n\t\t\t\t\t\t<\/div>\n\t\t\t\t<\/div>\n\t\t\t\t\t\t<\/div>\n\t\t\t\t\t<\/div>\n\t\t<\/div>\n\t\t\t\t\t\t\t\t<\/div>\n\t\t\t\t\t<\/div>\n\t\t<\/section>\n\t\t\t\t<section class=\"elementor-section elementor-top-section elementor-element elementor-element-93d5e8d elementor-section-boxed elementor-section-height-default elementor-section-height-default\" data-id=\"93d5e8d\" data-element_type=\"section\">\n\t\t\t\t\t\t<div class=\"elementor-container elementor-column-gap-default\">\n\t\t\t\t\t\t\t<div class=\"elementor-row\">\n\t\t\t\t\t<div class=\"elementor-column elementor-col-100 elementor-top-column elementor-element elementor-element-da3b800\" data-id=\"da3b800\" data-element_type=\"column\">\n\t\t\t<div class=\"elementor-column-wrap elementor-element-populated\">\n\t\t\t\t\t\t\t<div class=\"elementor-widget-wrap\">\n\t\t\t\t\t\t<div class=\"elementor-element elementor-element-9925db7 elementor-widget elementor-widget-text-editor\" data-id=\"9925db7\" data-element_type=\"widget\" data-widget_type=\"text-editor.default\">\n\t\t\t\t<div class=\"elementor-widget-container\">\n\t\t\t\t\t\t\t\t<div class=\"elementor-text-editor elementor-clearfix\">\n\t\t\t\t<div id=\"imCellStyle_2\"><div id=\"imTextObject_2\"><div id=\"imTextObject_2_tab0\" class=\"text-tab-content\"><div class=\"text-inner\"><div id=\"imCellStyle_2\"><div id=\"imTextObject_2\"><div id=\"imTextObject_2_tab0\" class=\"text-tab-content\"><div class=\"text-inner\"><div><div><div><span class=\"fs10 cf1\">ELAO GPS \u00e8 un\u2019antenna ad alte prestazioni per la ricezione del segnale in banda L1 (1572.42MHz) trasmesso dal sistema di satelliti GPS, adatta alla maggior parte delle applicazioni, ove siano richiesti bassi livelli di rumore ed eccellente guadagno.<\/span><\/div><div>\u00a0<\/div><div><span class=\"fs10 cf1\">Questa antenna rappresenta anche una soluzione di alta qualit\u00e0 per impieghi su sistemi di navigazione GPS a bordo di imbarcazioni. Per la realizzazione di questa antenna si \u00e8 considerato un impiego prevalentemente stazionario e in condizioni dove la robustezza meccanica \u00e8 una prerogativa determinante ai fini dell\u2019operativit\u00e0 dell\u2019intero sistema.<\/span><\/div><div>\u00a0<\/div><div><span class=\"fs10 cf1\">La forma e la costruzione, perfettamente impermeabile, ne fanno un riferimento certo in condizioni atmosferiche estreme. La cupola radome ricopre completamente l\u2019antenna con una profilo che impedisce l\u2019accumulo di neve o infiltrazioni d\u2019acqua all\u2019interno del palo di sostegno. La cura nella scelta dei materiali (alluminio e acciaio inox) e dei dettagli costruttivi, hanno permesso di raggiungere uno standard qualitativo di assoluta eccellenza, con una percentuale di ritorni per guasto praticamente nulla.<\/span><\/div><div>\u00a0<\/div><div><span class=\"fs10 cf1\">Il sistema di ancoraggio permette di fissare l\u2019antenna in modo semplice e rapido su pali staffati sia in modo verticale che orizzontale. L\u2019antenna si pu\u00f2 abbinare a qualunque ricevitore o modulo GPS in grado di fornire un\u2019alimentazione compresa tra 3 e 5 Volt, con minime variazioni di guadagno nella sezione di amplificazione a basso rumore. Fornito opzionalmente, l\u2019ELSE250 \u00e8 un dispositivo che interposto tra l\u2019antenna ed il ricevitore, provvede ad un aumento della protezione del sistema da transitori elettrici indotti da fulmini caduti nelle vicinanze.<\/span><\/div><\/div><\/div><\/div><\/div><\/div><\/div><\/div><\/div><\/div><\/div>\t\t\t\t\t<\/div>\n\t\t\t\t\t\t<\/div>\n\t\t\t\t<\/div>\n\t\t\t\t\t\t<\/div>\n\t\t\t\t\t<\/div>\n\t\t<\/div>\n\t\t\t\t\t\t\t\t<\/div>\n\t\t\t\t\t<\/div>\n\t\t<\/section>\n\t\t\t\t<section class=\"elementor-section elementor-top-section elementor-element elementor-element-c03e581 elementor-section-boxed elementor-section-height-default elementor-section-height-default\" data-id=\"c03e581\" data-element_type=\"section\" data-settings=\"{&quot;background_background&quot;:&quot;classic&quot;}\">\n\t\t\t\t\t\t<div class=\"elementor-container elementor-column-gap-default\">\n\t\t\t\t\t\t\t<div class=\"elementor-row\">\n\t\t\t\t\t<div class=\"elementor-column elementor-col-50 elementor-top-column elementor-element elementor-element-5ad1517\" data-id=\"5ad1517\" data-element_type=\"column\">\n\t\t\t<div class=\"elementor-column-wrap elementor-element-populated\">\n\t\t\t\t\t\t\t<div class=\"elementor-widget-wrap\">\n\t\t\t\t\t\t<div class=\"elementor-element elementor-element-8a59a41 elementor-widget elementor-widget-text-editor\" data-id=\"8a59a41\" data-element_type=\"widget\" data-widget_type=\"text-editor.default\">\n\t\t\t\t<div class=\"elementor-widget-container\">\n\t\t\t\t\t\t\t\t<div class=\"elementor-text-editor elementor-clearfix\">\n\t\t\t\t<h4><span class=\"cf1\"><b class=\"fs13\">CARATTERISTICHE TECNICHE PRINCIPALI<\/b><\/span><\/h4><ul><li><span class=\"fs13 cf2\">Costruzione impermeabile<\/span><\/li><li><span class=\"fs13 cf2\">Facilit\u00e0 e rapidit\u00e0 di installazione<\/span><\/li><li><span class=\"fs13 cf2\">Basso rumore e alto guadagno<\/span><\/li><li><span class=\"fs13 cf2\">Comprovata affidabilit\u00e0 e robustezza<\/span><\/li><li><span class=\"fs13 cf2\">Range Esteso di tensione di ingresso da 3 a 5Vdc o 12 Vdc<\/span><\/li><li><span class=\"fs13 cf2\">Connettori N<\/span><\/li><\/ul><h4>\u00a0<\/h4><h4><b><span class=\"cf1\">OPZIONI<\/span><\/b><\/h4><div><div><ul><li><span class=\"fs10 cf2\">ELSE250 Protezione Scariche Elettriche<br \/><\/span><\/li><li><span class=\"fs10 cf2\">Cavo d\u2019antenna coassiale a bassa perdita, 50 Ohm<\/span><\/li><\/ul><\/div><\/div>\t\t\t\t\t<\/div>\n\t\t\t\t\t\t<\/div>\n\t\t\t\t<\/div>\n\t\t\t\t\t\t<\/div>\n\t\t\t\t\t<\/div>\n\t\t<\/div>\n\t\t\t\t<div class=\"elementor-column elementor-col-50 elementor-top-column elementor-element elementor-element-6e98a66\" data-id=\"6e98a66\" data-element_type=\"column\">\n\t\t\t<div class=\"elementor-column-wrap elementor-element-populated\">\n\t\t\t\t\t\t\t<div class=\"elementor-widget-wrap\">\n\t\t\t\t\t\t<div class=\"elementor-element elementor-element-144d091 elementor-button-info elementor-align-center elementor-widget elementor-widget-button\" data-id=\"144d091\" data-element_type=\"widget\" data-widget_type=\"button.default\">\n\t\t\t\t<div class=\"elementor-widget-container\">\n\t\t\t\t\t<div class=\"elementor-button-wrapper\">\n\t\t\t<a href=\"http:\/\/eurolab-srl.com\/wp\/wp-content\/uploads\/2020\/09\/DS_ELAO-GPS.pdf\" class=\"elementor-button-link elementor-button elementor-size-xl\" role=\"button\">\n\t\t\t\t\t\t<span class=\"elementor-button-content-wrapper\">\n\t\t\t\t\t\t\t<span class=\"elementor-button-icon elementor-align-icon-left\">\n\t\t\t\t<i aria-hidden=\"true\" class=\"fas fa-file-download\"><\/i>\t\t\t<\/span>\n\t\t\t\t\t\t<span class=\"elementor-button-text\">DOWNLOAD<\/span>\n\t\t<\/span>\n\t\t\t\t\t<\/a>\n\t\t<\/div>\n\t\t\t\t<\/div>\n\t\t\t\t<\/div>\n\t\t\t\t\t\t<\/div>\n\t\t\t\t\t<\/div>\n\t\t<\/div>\n\t\t\t\t\t\t\t\t<\/div>\n\t\t\t\t\t<\/div>\n\t\t<\/section>\n\t\t\t\t\t\t\t\t\t<\/div>\n\t\t\t<\/div>\n\t\t\t\t\t<\/div>\n\t\t","protected":false},"excerpt":{"rendered":"<p>ELAO GPS \u00e8 un\u2019antenna ad alte prestazioni per la ricezione del segnale in banda L1 (1572.42MHz) trasmesso dal sistema di satelliti GPS, adatta alla maggior parte delle applicazioni, ove siano richiesti bassi livelli di rumore ed eccellente guadagno.\u00a0Questa antenna rappresenta anche una soluzione di alta qualit\u00e0 per impieghi su sistemi di navigazione GPS a bordo [&hellip;]<\/p>\n","protected":false},"author":1,"featured_media":0,"parent":1125,"menu_order":0,"comment_status":"closed","ping_status":"closed","template":"","meta":{"footnotes":""},"class_list":["post-1216","page","type-page","status-publish","hentry"],"_links":{"self":[{"href":"https:\/\/eurolab-srl.com\/index.php?rest_route=\/wp\/v2\/pages\/1216","targetHints":{"allow":["GET"]}}],"collection":[{"href":"https:\/\/eurolab-srl.com\/index.php?rest_route=\/wp\/v2\/pages"}],"about":[{"href":"https:\/\/eurolab-srl.com\/index.php?rest_route=\/wp\/v2\/types\/page"}],"author":[{"embeddable":true,"href":"https:\/\/eurolab-srl.com\/index.php?rest_route=\/wp\/v2\/users\/1"}],"replies":[{"embeddable":true,"href":"https:\/\/eurolab-srl.com\/index.php?rest_route=%2Fwp%2Fv2%2Fcomments&post=1216"}],"version-history":[{"count":2,"href":"https:\/\/eurolab-srl.com\/index.php?rest_route=\/wp\/v2\/pages\/1216\/revisions"}],"predecessor-version":[{"id":1219,"href":"https:\/\/eurolab-srl.com\/index.php?rest_route=\/wp\/v2\/pages\/1216\/revisions\/1219"}],"up":[{"embeddable":true,"href":"https:\/\/eurolab-srl.com\/index.php?rest_route=\/wp\/v2\/pages\/1125"}],"wp:attachment":[{"href":"https:\/\/eurolab-srl.com\/index.php?rest_route=%2Fwp%2Fv2%2Fmedia&parent=1216"}],"curies":[{"name":"wp","href":"https:\/\/api.w.org\/{rel}","templated":true}]}}