{"id":1205,"date":"2020-09-11T11:21:24","date_gmt":"2020-09-11T09:21:24","guid":{"rendered":"http:\/\/eurolab-srl.com\/wp\/?page_id=1205"},"modified":"2020-09-18T09:14:45","modified_gmt":"2020-09-18T07:14:45","slug":"elrm-gps","status":"publish","type":"page","link":"https:\/\/eurolab-srl.com\/?page_id=1205","title":{"rendered":"ELRM GPS"},"content":{"rendered":"\t\t<div data-elementor-type=\"wp-page\" data-elementor-id=\"1205\" class=\"elementor elementor-1205\">\n\t\t\t\t\t\t<div class=\"elementor-inner\">\n\t\t\t\t<div class=\"elementor-section-wrap\">\n\t\t\t\t\t\t\t\t\t<section class=\"elementor-section elementor-top-section elementor-element elementor-element-8ae70aa elementor-section-boxed elementor-section-height-default elementor-section-height-default\" data-id=\"8ae70aa\" data-element_type=\"section\">\n\t\t\t\t\t\t<div class=\"elementor-container elementor-column-gap-default\">\n\t\t\t\t\t\t\t<div class=\"elementor-row\">\n\t\t\t\t\t<div class=\"elementor-column elementor-col-100 elementor-top-column elementor-element elementor-element-623cee5\" data-id=\"623cee5\" data-element_type=\"column\">\n\t\t\t<div class=\"elementor-column-wrap elementor-element-populated\">\n\t\t\t\t\t\t\t<div class=\"elementor-widget-wrap\">\n\t\t\t\t\t\t<div class=\"elementor-element elementor-element-bfdc738 elementor-widget elementor-widget-image\" data-id=\"bfdc738\" data-element_type=\"widget\" data-widget_type=\"image.default\">\n\t\t\t\t<div class=\"elementor-widget-container\">\n\t\t\t\t\t\t\t\t<div class=\"elementor-image\">\n\t\t\t\t\t\t\t\t\t\t\t\t<img loading=\"lazy\" decoding=\"async\" width=\"699\" height=\"327\" src=\"https:\/\/eurolab-srl.com\/wp-content\/uploads\/2020\/09\/elrmgps_0qvni516.jpg\" class=\"attachment-large size-large wp-image-1207\" alt=\"\" srcset=\"https:\/\/eurolab-srl.com\/wp-content\/uploads\/2020\/09\/elrmgps_0qvni516.jpg 699w, https:\/\/eurolab-srl.com\/wp-content\/uploads\/2020\/09\/elrmgps_0qvni516-300x140.jpg 300w\" sizes=\"auto, (max-width: 699px) 100vw, 699px\" \/>\t\t\t\t\t\t\t\t\t\t\t\t\t\t<\/div>\n\t\t\t\t\t\t<\/div>\n\t\t\t\t<\/div>\n\t\t\t\t\t\t<\/div>\n\t\t\t\t\t<\/div>\n\t\t<\/div>\n\t\t\t\t\t\t\t\t<\/div>\n\t\t\t\t\t<\/div>\n\t\t<\/section>\n\t\t\t\t<section class=\"elementor-section elementor-top-section elementor-element elementor-element-eabf4a0 elementor-section-boxed elementor-section-height-default elementor-section-height-default\" data-id=\"eabf4a0\" data-element_type=\"section\">\n\t\t\t\t\t\t<div class=\"elementor-container elementor-column-gap-default\">\n\t\t\t\t\t\t\t<div class=\"elementor-row\">\n\t\t\t\t\t<div class=\"elementor-column elementor-col-100 elementor-top-column elementor-element elementor-element-14f2a7c\" data-id=\"14f2a7c\" data-element_type=\"column\">\n\t\t\t<div class=\"elementor-column-wrap elementor-element-populated\">\n\t\t\t\t\t\t\t<div class=\"elementor-widget-wrap\">\n\t\t\t\t\t\t<div class=\"elementor-element elementor-element-2904ab9 elementor-widget elementor-widget-text-editor\" data-id=\"2904ab9\" data-element_type=\"widget\" data-widget_type=\"text-editor.default\">\n\t\t\t\t<div class=\"elementor-widget-container\">\n\t\t\t\t\t\t\t\t<div class=\"elementor-text-editor elementor-clearfix\">\n\t\t\t\t<div id=\"imCellStyle_2\"><div id=\"imTextObject_2\"><div id=\"imTextObject_2_tab0\" class=\"text-tab-content\"><div class=\"text-inner\"><div id=\"imCellStyle_2\"><div id=\"imTextObject_2\"><div id=\"imTextObject_2_tab0\" class=\"text-tab-content\"><div class=\"text-inner\"><div><div><div><span class=\"fs10 cf1\">Tra i vari aspetti che possono pregiudicare il buon esito dell\u2019installazione di un sistema GPS, il corretto posizionamento dell\u2019antenna ricevente \u00e8 tra i pi\u00f9 influenti.<\/span><\/div><div><span class=\"fs10 cf1\">La diagnostica di sistema in questo senso \u00e8 spesso carente e talvolta, eventuali problemi di ricezione sono di difficile interpretazione.<\/span><\/div><div><span class=\"fs10 cf1\">Il modello ELRM GPS, nasce per offrire un valido supporto durante la fase di installazione, nelle seguenti operazioni di verifica sulla qualit\u00e0 del segnale ricevuto e di alcune caratteristiche del ricevitore GPS installato.<\/span><\/div><div><span class=\"fs10 cf1\">La funzionalit\u00e0 di data logging consente di acquisire e memorizzare 12 ore di segnali provenienti dai satelliti GPS in transito, rendendo possibile un\u2019accurata valutazione dell\u2019idoneit\u00e0 del posizionamento d\u2019antenna, isolando eventuali cause di interferenza sul segnale GPS, in determinate fasce orarie.<\/span><\/div><div><span class=\"fs10 cf1\">Durante le acquisizioni, lo strumento deve essere alimentato, ma non necessariamente collegato ad un computer. Una memoria non volatile interna presiede alla memorizzazione dei dati acquisiti per operazioni di post-elaborazione. Il software residente presenta graficamente i dati sulla validit\u00e0 del segnale ricevuto dai satelliti in transito per analisi nell\u2019intervallo di tempo considerato.<\/span><\/div><div><span class=\"fs10 cf1\">L\u2019unit\u00e0 rende inoltre disponibile in uscita un segnale 1PPS diretto, derivato dalla sezione radio e non ricostruito artificialmente, allo scopo di verificare, ad esempio, le caratteristiche di precisione del segnale 1PPS generato dal ricevitore GPS presente in impianto.<\/span><\/div><\/div><\/div><\/div><\/div><\/div><\/div><\/div><\/div><\/div><\/div>\t\t\t\t\t<\/div>\n\t\t\t\t\t\t<\/div>\n\t\t\t\t<\/div>\n\t\t\t\t\t\t<\/div>\n\t\t\t\t\t<\/div>\n\t\t<\/div>\n\t\t\t\t\t\t\t\t<\/div>\n\t\t\t\t\t<\/div>\n\t\t<\/section>\n\t\t\t\t<section class=\"elementor-section elementor-top-section elementor-element elementor-element-101bfa4 elementor-section-boxed elementor-section-height-default elementor-section-height-default\" data-id=\"101bfa4\" data-element_type=\"section\" data-settings=\"{&quot;background_background&quot;:&quot;classic&quot;}\">\n\t\t\t\t\t\t<div class=\"elementor-container elementor-column-gap-default\">\n\t\t\t\t\t\t\t<div class=\"elementor-row\">\n\t\t\t\t\t<div class=\"elementor-column elementor-col-50 elementor-top-column elementor-element elementor-element-2dc3dc2\" data-id=\"2dc3dc2\" data-element_type=\"column\">\n\t\t\t<div class=\"elementor-column-wrap elementor-element-populated\">\n\t\t\t\t\t\t\t<div class=\"elementor-widget-wrap\">\n\t\t\t\t\t\t<div class=\"elementor-element elementor-element-05e2c59 elementor-widget elementor-widget-text-editor\" data-id=\"05e2c59\" data-element_type=\"widget\" data-widget_type=\"text-editor.default\">\n\t\t\t\t<div class=\"elementor-widget-container\">\n\t\t\t\t\t\t\t\t<div class=\"elementor-text-editor elementor-clearfix\">\n\t\t\t\t<h4><span class=\"cf1\"><b class=\"fs13\">CARATTERISTICHE TECNICHE PRINCIPALI<\/b><\/span><\/h4><ul><li><span class=\"fs10\"><span class=\"cf2\">Ricevitore GPS L1 a 12 canali con funzione TRAIM<\/span><br \/><\/span><\/li><li><span class=\"fs10\"><span class=\"cf2\">Funzione di Auto Sorveglianza per una migliore accuratezza di timing<\/span><br \/><\/span><\/li><li><span class=\"fs10\"><span class=\"cf2\">Uscita 1 PPS estremamente accurata, sincronizzazione da GPS o UTC\u00a0<\/span><span class=\"cf2\">entro \u00b120 ns pk-pk<\/span><br \/><\/span><\/li><li><span class=\"fs10\"><span class=\"cf2\">Determinazione dell\u2019errore di quantizzazione per il miglioramento dell\u2019accuratezza di tempo<\/span><br \/><\/span><\/li><li><span class=\"fs10\"><span class=\"cf2\">Supporto antenne 5 Volt (altre tensioni disponibili a richiesta)<\/span><br \/><\/span><\/li><li><span class=\"fs10\"><span class=\"cf2\">Porta Ethernet standard 10\/100 Base-T<\/span><br \/><\/span><\/li><li><span class=\"fs10\"><span class=\"cf2\">Gestione remota via interfaccia Web<\/span><br \/><\/span><\/li><li><span class=\"fs10\"><span class=\"cf2\">Standard HTTP, SNMP\/MIB<\/span><br \/><\/span><\/li><li><span class=\"fs10 cf2\">Aggiornamenti Software da remoto<\/span><\/li><\/ul>\t\t\t\t\t<\/div>\n\t\t\t\t\t\t<\/div>\n\t\t\t\t<\/div>\n\t\t\t\t\t\t<\/div>\n\t\t\t\t\t<\/div>\n\t\t<\/div>\n\t\t\t\t<div class=\"elementor-column elementor-col-50 elementor-top-column elementor-element elementor-element-c0c75ef\" data-id=\"c0c75ef\" data-element_type=\"column\">\n\t\t\t<div class=\"elementor-column-wrap elementor-element-populated\">\n\t\t\t\t\t\t\t<div class=\"elementor-widget-wrap\">\n\t\t\t\t\t\t<div class=\"elementor-element elementor-element-6a90ff2 elementor-button-info elementor-align-center elementor-widget elementor-widget-button\" data-id=\"6a90ff2\" data-element_type=\"widget\" data-widget_type=\"button.default\">\n\t\t\t\t<div class=\"elementor-widget-container\">\n\t\t\t\t\t<div class=\"elementor-button-wrapper\">\n\t\t\t<a href=\"http:\/\/eurolab-srl.com\/wp\/wp-content\/uploads\/2020\/09\/DS_ELRM-GPS.pdf\" class=\"elementor-button-link elementor-button elementor-size-xl\" role=\"button\">\n\t\t\t\t\t\t<span class=\"elementor-button-content-wrapper\">\n\t\t\t\t\t\t\t<span class=\"elementor-button-icon elementor-align-icon-left\">\n\t\t\t\t<i aria-hidden=\"true\" class=\"fas fa-file-download\"><\/i>\t\t\t<\/span>\n\t\t\t\t\t\t<span class=\"elementor-button-text\">DOWNLOAD<\/span>\n\t\t<\/span>\n\t\t\t\t\t<\/a>\n\t\t<\/div>\n\t\t\t\t<\/div>\n\t\t\t\t<\/div>\n\t\t\t\t\t\t<\/div>\n\t\t\t\t\t<\/div>\n\t\t<\/div>\n\t\t\t\t\t\t\t\t<\/div>\n\t\t\t\t\t<\/div>\n\t\t<\/section>\n\t\t\t\t\t\t\t\t\t<\/div>\n\t\t\t<\/div>\n\t\t\t\t\t<\/div>\n\t\t","protected":false},"excerpt":{"rendered":"<p>Tra i vari aspetti che possono pregiudicare il buon esito dell\u2019installazione di un sistema GPS, il corretto posizionamento dell\u2019antenna ricevente \u00e8 tra i pi\u00f9 influenti.La diagnostica di sistema in questo senso \u00e8 spesso carente e talvolta, eventuali problemi di ricezione sono di difficile interpretazione.Il modello ELRM GPS, nasce per offrire un valido supporto durante la [&hellip;]<\/p>\n","protected":false},"author":1,"featured_media":0,"parent":1125,"menu_order":0,"comment_status":"closed","ping_status":"closed","template":"","meta":{"footnotes":""},"class_list":["post-1205","page","type-page","status-publish","hentry"],"_links":{"self":[{"href":"https:\/\/eurolab-srl.com\/index.php?rest_route=\/wp\/v2\/pages\/1205","targetHints":{"allow":["GET"]}}],"collection":[{"href":"https:\/\/eurolab-srl.com\/index.php?rest_route=\/wp\/v2\/pages"}],"about":[{"href":"https:\/\/eurolab-srl.com\/index.php?rest_route=\/wp\/v2\/types\/page"}],"author":[{"embeddable":true,"href":"https:\/\/eurolab-srl.com\/index.php?rest_route=\/wp\/v2\/users\/1"}],"replies":[{"embeddable":true,"href":"https:\/\/eurolab-srl.com\/index.php?rest_route=%2Fwp%2Fv2%2Fcomments&post=1205"}],"version-history":[{"count":3,"href":"https:\/\/eurolab-srl.com\/index.php?rest_route=\/wp\/v2\/pages\/1205\/revisions"}],"predecessor-version":[{"id":1239,"href":"https:\/\/eurolab-srl.com\/index.php?rest_route=\/wp\/v2\/pages\/1205\/revisions\/1239"}],"up":[{"embeddable":true,"href":"https:\/\/eurolab-srl.com\/index.php?rest_route=\/wp\/v2\/pages\/1125"}],"wp:attachment":[{"href":"https:\/\/eurolab-srl.com\/index.php?rest_route=%2Fwp%2Fv2%2Fmedia&parent=1205"}],"curies":[{"name":"wp","href":"https:\/\/api.w.org\/{rel}","templated":true}]}}