{"id":1193,"date":"2020-09-11T10:52:13","date_gmt":"2020-09-11T08:52:13","guid":{"rendered":"http:\/\/eurolab-srl.com\/wp\/?page_id=1193"},"modified":"2020-09-11T11:15:01","modified_gmt":"2020-09-11T09:15:01","slug":"eltf-200-200-bp-series","status":"publish","type":"page","link":"http:\/\/eurolab-srl.com\/?page_id=1193","title":{"rendered":"ELTF 200\/200-BP Series"},"content":{"rendered":"\t\t<div data-elementor-type=\"wp-page\" data-elementor-id=\"1193\" class=\"elementor elementor-1193\">\n\t\t\t\t\t\t<div class=\"elementor-inner\">\n\t\t\t\t<div class=\"elementor-section-wrap\">\n\t\t\t\t\t\t\t\t\t<section class=\"elementor-section elementor-top-section elementor-element elementor-element-b47e3a0 elementor-section-boxed elementor-section-height-default elementor-section-height-default\" data-id=\"b47e3a0\" data-element_type=\"section\">\n\t\t\t\t\t\t<div class=\"elementor-container elementor-column-gap-default\">\n\t\t\t\t\t\t\t<div class=\"elementor-row\">\n\t\t\t\t\t<div class=\"elementor-column elementor-col-100 elementor-top-column elementor-element elementor-element-58557d7\" data-id=\"58557d7\" data-element_type=\"column\">\n\t\t\t<div class=\"elementor-column-wrap elementor-element-populated\">\n\t\t\t\t\t\t\t<div class=\"elementor-widget-wrap\">\n\t\t\t\t\t\t<div class=\"elementor-element elementor-element-a1c09ba elementor-widget elementor-widget-image\" data-id=\"a1c09ba\" data-element_type=\"widget\" data-widget_type=\"image.default\">\n\t\t\t\t<div class=\"elementor-widget-container\">\n\t\t\t\t\t\t\t\t<div class=\"elementor-image\">\n\t\t\t\t\t\t\t\t\t\t\t\t<img loading=\"lazy\" decoding=\"async\" width=\"699\" height=\"327\" src=\"http:\/\/eurolab-srl.com\/wp-content\/uploads\/2020\/09\/DS_ELTF-200-200-BP_h0769431.jpg\" class=\"attachment-large size-large wp-image-1195\" alt=\"\" srcset=\"http:\/\/eurolab-srl.com\/wp-content\/uploads\/2020\/09\/DS_ELTF-200-200-BP_h0769431.jpg 699w, http:\/\/eurolab-srl.com\/wp-content\/uploads\/2020\/09\/DS_ELTF-200-200-BP_h0769431-300x140.jpg 300w\" sizes=\"auto, (max-width: 699px) 100vw, 699px\" \/>\t\t\t\t\t\t\t\t\t\t\t\t\t\t<\/div>\n\t\t\t\t\t\t<\/div>\n\t\t\t\t<\/div>\n\t\t\t\t\t\t<\/div>\n\t\t\t\t\t<\/div>\n\t\t<\/div>\n\t\t\t\t\t\t\t\t<\/div>\n\t\t\t\t\t<\/div>\n\t\t<\/section>\n\t\t\t\t<section class=\"elementor-section elementor-top-section elementor-element elementor-element-3ce2dad elementor-section-boxed elementor-section-height-default elementor-section-height-default\" data-id=\"3ce2dad\" data-element_type=\"section\">\n\t\t\t\t\t\t<div class=\"elementor-container elementor-column-gap-default\">\n\t\t\t\t\t\t\t<div class=\"elementor-row\">\n\t\t\t\t\t<div class=\"elementor-column elementor-col-100 elementor-top-column elementor-element elementor-element-655b321\" data-id=\"655b321\" data-element_type=\"column\">\n\t\t\t<div class=\"elementor-column-wrap elementor-element-populated\">\n\t\t\t\t\t\t\t<div class=\"elementor-widget-wrap\">\n\t\t\t\t\t\t<div class=\"elementor-element elementor-element-ee5d517 elementor-widget elementor-widget-text-editor\" data-id=\"ee5d517\" data-element_type=\"widget\" data-widget_type=\"text-editor.default\">\n\t\t\t\t<div class=\"elementor-widget-container\">\n\t\t\t\t\t\t\t\t<div class=\"elementor-text-editor elementor-clearfix\">\n\t\t\t\t<div id=\"imCellStyle_2\"><div id=\"imTextObject_2\"><div id=\"imTextObject_2_tab0\" class=\"text-tab-content\"><div class=\"text-inner\"><div><div><span class=\"cf1\">Sviluppata e prodotta per incontrare le pi\u00f9 impegnative esigenze di investimento,prestazioni, affidabilit\u00e0 e flessibilit\u00e0, la serie di ricevitori GPS ELTF200 pu\u00f2 essere utilizzata con fiducia come sorgente di riferimento di tempo &amp; frequenza per applicazioni di broadcast radio televisivo, nelle reti cellulari, per automazione di processo, o per esigenze in laboratori di test e misure. Questa famiglia di prodotti, giunta ormai alla seconda generazione, offre un rapporto costo-beneficio realmente vantaggioso ed \u00e8 diventata una presenza diffusa in diversi ambiti operativi. Il nucleo centrale del sistema \u00e8 un oscillatore (OCXO) ad alte prestazioni, che fornisce eccellenti doti di accuratezza, con stabilit\u00e0 migliore di 30ns rispetto a UTC sul tempo e di 1\u00d710-12 in condizioni di aggancio, sulla frequenza. Nella configurazione standard, le uscite disponibili (6 x 10MHz sine, 6x 1PPS) sono sufficienti per coprire la maggior parte delle esigenze per cui questa unit\u00e0 \u00e8 stata progettata.<\/span><\/div><div>\u00a0<\/div><div><span class=\"cf1\">La flessibilit\u00e0 nel disegno permette, in ogni caso, l\u2019estensione delle funzionalit\u00e0 di sistema o la personalizzazione su base specifica.<\/span><\/div><div>\u00a0<\/div><div><span class=\"cf1\">Il sistema \u00e8 realizzato in configurazione rack 19\u201d 1U e pu\u00f2 essere alimentato sia contensione di rete 230V, che con una sorgente DC da 24V (48V opzionale). La versione ELTF200-BP, offre aumentate caratteristiche di ridondanza sull\u2019alimentazione, accogliendo una batteria tampone (12Vdc) interna, utile a filtrare le micro interruzioni della tensione di rete, tipiche delle postazioni remote, evitando cos\u00ec i disservizi legati al tempo di riaggancio sul segnale GPS.<\/span><\/div><div>\u00a0<\/div><div><span class=\"cf1\">Le operazioni di gestione e monitoraggio del sistema vengono supportate per mezzodi un\u2019intuitiva interfaccia web con client SNMP, attraverso la connessione Ethernet standard, senza necessit\u00e0 di installazione di alcun software locale.<\/span><\/div><\/div><\/div><\/div><\/div><\/div>\t\t\t\t\t<\/div>\n\t\t\t\t\t\t<\/div>\n\t\t\t\t<\/div>\n\t\t\t\t\t\t<\/div>\n\t\t\t\t\t<\/div>\n\t\t<\/div>\n\t\t\t\t\t\t\t\t<\/div>\n\t\t\t\t\t<\/div>\n\t\t<\/section>\n\t\t\t\t<section class=\"elementor-section elementor-top-section elementor-element elementor-element-16ae746 elementor-section-boxed elementor-section-height-default elementor-section-height-default\" data-id=\"16ae746\" data-element_type=\"section\">\n\t\t\t\t\t\t<div class=\"elementor-container elementor-column-gap-default\">\n\t\t\t\t\t\t\t<div class=\"elementor-row\">\n\t\t\t\t\t<div class=\"elementor-column elementor-col-100 elementor-top-column elementor-element elementor-element-c10faa7\" data-id=\"c10faa7\" data-element_type=\"column\">\n\t\t\t<div class=\"elementor-column-wrap elementor-element-populated\">\n\t\t\t\t\t\t\t<div class=\"elementor-widget-wrap\">\n\t\t\t\t\t\t<div class=\"elementor-element elementor-element-ed0d414 elementor-widget elementor-widget-spacer\" data-id=\"ed0d414\" data-element_type=\"widget\" data-widget_type=\"spacer.default\">\n\t\t\t\t<div class=\"elementor-widget-container\">\n\t\t\t\t\t<div class=\"elementor-spacer\">\n\t\t\t<div class=\"elementor-spacer-inner\"><\/div>\n\t\t<\/div>\n\t\t\t\t<\/div>\n\t\t\t\t<\/div>\n\t\t\t\t\t\t<\/div>\n\t\t\t\t\t<\/div>\n\t\t<\/div>\n\t\t\t\t\t\t\t\t<\/div>\n\t\t\t\t\t<\/div>\n\t\t<\/section>\n\t\t\t\t<section class=\"elementor-section elementor-top-section elementor-element elementor-element-a9f2aa5 elementor-section-boxed elementor-section-height-default elementor-section-height-default\" data-id=\"a9f2aa5\" data-element_type=\"section\" data-settings=\"{&quot;background_background&quot;:&quot;classic&quot;}\">\n\t\t\t\t\t\t<div class=\"elementor-container elementor-column-gap-default\">\n\t\t\t\t\t\t\t<div class=\"elementor-row\">\n\t\t\t\t\t<div class=\"elementor-column elementor-col-50 elementor-top-column elementor-element elementor-element-c1d6acb\" data-id=\"c1d6acb\" data-element_type=\"column\">\n\t\t\t<div class=\"elementor-column-wrap elementor-element-populated\">\n\t\t\t\t\t\t\t<div class=\"elementor-widget-wrap\">\n\t\t\t\t\t\t<div class=\"elementor-element elementor-element-4b0f4fe elementor-widget elementor-widget-text-editor\" data-id=\"4b0f4fe\" data-element_type=\"widget\" data-widget_type=\"text-editor.default\">\n\t\t\t\t<div class=\"elementor-widget-container\">\n\t\t\t\t\t\t\t\t<div class=\"elementor-text-editor elementor-clearfix\">\n\t\t\t\t<h4><span class=\"cf1\"><b class=\"fs13\">CARATTERISTICHE TECNICHE PRINCIPALI<\/b><\/span><\/h4><div><div><ul><li><span class=\"fs13 cf2\">Ricevitore GPS L1 a 22 canali con funzione TRAIM<\/span><\/li><li><span class=\"fs13\"><span class=\"cf2\">Accuratezza di Tempo migliore di 50 ns RMS rispetto UTC<\/span><br \/><\/span><\/li><li><span class=\"fs13\"><span class=\"cf2\">Accuratezza di frequenza migliore di 1\u00d710<\/span><sup><span class=\"cf2\">-12<\/span><\/sup><span class=\"cf2\">\u00a0<\/span><br \/><\/span><\/li><li><span class=\"fs13\"><span class=\"cf2\">6 uscite 10MHz; 6 uscite 1PPS<\/span><br \/><\/span><\/li><li><span class=\"fs13\"><span class=\"cf2\">Supporta ingresso di Riferimento esterno 1PPS<\/span><br \/><\/span><\/li><li><span class=\"fs13\"><span class=\"cf2\">Porta Ethernet standard 10\/100 Base-T<\/span><br \/><\/span><\/li><li><span class=\"fs13\"><span class=\"cf2\">Gestione remota via interfaccia Web<\/span><br \/><\/span><\/li><li><span class=\"fs13\"><span class=\"cf2\">Standard HTTP, SNMP\/MIB<\/span><br \/><\/span><\/li><li><span class=\"fs13\"><span class=\"cf2\">Aggiornamenti Software da remoto<\/span><br \/><\/span><\/li><li><span class=\"fs13 cf2\">Facilmente Personalizzabile<\/span><\/li><\/ul><\/div><\/div>\t\t\t\t\t<\/div>\n\t\t\t\t\t\t<\/div>\n\t\t\t\t<\/div>\n\t\t\t\t\t\t<\/div>\n\t\t\t\t\t<\/div>\n\t\t<\/div>\n\t\t\t\t<div class=\"elementor-column elementor-col-50 elementor-top-column elementor-element elementor-element-729a045\" data-id=\"729a045\" data-element_type=\"column\">\n\t\t\t<div class=\"elementor-column-wrap elementor-element-populated\">\n\t\t\t\t\t\t\t<div class=\"elementor-widget-wrap\">\n\t\t\t\t\t\t<div class=\"elementor-element elementor-element-37e3432 elementor-button-info elementor-align-center elementor-widget elementor-widget-button\" data-id=\"37e3432\" data-element_type=\"widget\" data-widget_type=\"button.default\">\n\t\t\t\t<div class=\"elementor-widget-container\">\n\t\t\t\t\t<div class=\"elementor-button-wrapper\">\n\t\t\t<a href=\"http:\/\/eurolab-srl.com\/wp\/wp-content\/uploads\/2020\/09\/DS_ELTF-200-200-BP-Series.pdf\" class=\"elementor-button-link elementor-button elementor-size-xl\" role=\"button\">\n\t\t\t\t\t\t<span class=\"elementor-button-content-wrapper\">\n\t\t\t\t\t\t\t<span class=\"elementor-button-icon elementor-align-icon-left\">\n\t\t\t\t<i aria-hidden=\"true\" class=\"fas fa-file-download\"><\/i>\t\t\t<\/span>\n\t\t\t\t\t\t<span class=\"elementor-button-text\">DOWNLOAD<\/span>\n\t\t<\/span>\n\t\t\t\t\t<\/a>\n\t\t<\/div>\n\t\t\t\t<\/div>\n\t\t\t\t<\/div>\n\t\t\t\t\t\t<\/div>\n\t\t\t\t\t<\/div>\n\t\t<\/div>\n\t\t\t\t\t\t\t\t<\/div>\n\t\t\t\t\t<\/div>\n\t\t<\/section>\n\t\t\t\t<section class=\"elementor-section elementor-top-section elementor-element elementor-element-4f38c1b elementor-section-boxed elementor-section-height-default elementor-section-height-default\" data-id=\"4f38c1b\" data-element_type=\"section\">\n\t\t\t\t\t\t<div class=\"elementor-container elementor-column-gap-default\">\n\t\t\t\t\t\t\t<div class=\"elementor-row\">\n\t\t\t\t\t<div class=\"elementor-column elementor-col-100 elementor-top-column elementor-element elementor-element-8316b2c\" data-id=\"8316b2c\" data-element_type=\"column\">\n\t\t\t<div class=\"elementor-column-wrap\">\n\t\t\t\t\t\t\t<div class=\"elementor-widget-wrap\">\n\t\t\t\t\t\t\t\t<\/div>\n\t\t\t\t\t<\/div>\n\t\t<\/div>\n\t\t\t\t\t\t\t\t<\/div>\n\t\t\t\t\t<\/div>\n\t\t<\/section>\n\t\t\t\t\t\t\t\t\t<\/div>\n\t\t\t<\/div>\n\t\t\t\t\t<\/div>\n\t\t","protected":false},"excerpt":{"rendered":"<p>Sviluppata e prodotta per incontrare le pi\u00f9 impegnative esigenze di investimento,prestazioni, affidabilit\u00e0 e flessibilit\u00e0, la serie di ricevitori GPS ELTF200 pu\u00f2 essere utilizzata con fiducia come sorgente di riferimento di tempo &amp; frequenza per applicazioni di broadcast radio televisivo, nelle reti cellulari, per automazione di processo, o per esigenze in laboratori di test e misure. [&hellip;]<\/p>\n","protected":false},"author":1,"featured_media":0,"parent":1125,"menu_order":0,"comment_status":"closed","ping_status":"closed","template":"","meta":{"footnotes":""},"class_list":["post-1193","page","type-page","status-publish","hentry"],"_links":{"self":[{"href":"http:\/\/eurolab-srl.com\/index.php?rest_route=\/wp\/v2\/pages\/1193","targetHints":{"allow":["GET"]}}],"collection":[{"href":"http:\/\/eurolab-srl.com\/index.php?rest_route=\/wp\/v2\/pages"}],"about":[{"href":"http:\/\/eurolab-srl.com\/index.php?rest_route=\/wp\/v2\/types\/page"}],"author":[{"embeddable":true,"href":"http:\/\/eurolab-srl.com\/index.php?rest_route=\/wp\/v2\/users\/1"}],"replies":[{"embeddable":true,"href":"http:\/\/eurolab-srl.com\/index.php?rest_route=%2Fwp%2Fv2%2Fcomments&post=1193"}],"version-history":[{"count":4,"href":"http:\/\/eurolab-srl.com\/index.php?rest_route=\/wp\/v2\/pages\/1193\/revisions"}],"predecessor-version":[{"id":1199,"href":"http:\/\/eurolab-srl.com\/index.php?rest_route=\/wp\/v2\/pages\/1193\/revisions\/1199"}],"up":[{"embeddable":true,"href":"http:\/\/eurolab-srl.com\/index.php?rest_route=\/wp\/v2\/pages\/1125"}],"wp:attachment":[{"href":"http:\/\/eurolab-srl.com\/index.php?rest_route=%2Fwp%2Fv2%2Fmedia&parent=1193"}],"curies":[{"name":"wp","href":"https:\/\/api.w.org\/{rel}","templated":true}]}}